{"id":3576,"date":"2022-04-01T09:08:41","date_gmt":"2022-04-01T07:08:41","guid":{"rendered":"https:\/\/geneva-rootstocks.com\/accueil\/"},"modified":"2025-03-03T13:38:34","modified_gmt":"2025-03-03T12:38:34","slug":"accueil","status":"publish","type":"page","link":"https:\/\/geneva-rootstocks.com\/pl\/","title":{"rendered":"Home"},"content":{"rendered":"<div id='full_slider_1'  class='avia-fullwidth-slider main_color avia-shadow av-small-hide av-mini-hide  avia-builder-el-0  el_before_av_section  avia-builder-el-first   container_wrap fullsize'  >\n<style type=\"text\/css\" data-created_by=\"avia_inline_auto\" id=\"style-css-av-m2lwrirh-709b8d079e352d329bf198fdff81f249\">\n@keyframes av_slideshow_img_scale_av-m2lwrirh-709b8d079e352d329bf198fdff81f249 {\n   0% { transform: scale(1.3); opacity: 1; }\n 100% { transform: scale(1.03); opacity: 1; }\n}\n@keyframes av_slideshow_img_scale_av-m2lwrirh-709b8d079e352d329bf198fdff81f249_even {\n   0% { transform: scale(1.03); opacity: 1; }\n 100% { transform: scale(1.3); opacity: 1; }\n}\n.avia-slideshow.av-m2lwrirh-709b8d079e352d329bf198fdff81f249 .avia-slideshow-slide.slide-odd.next-active-slide img{\nanimation:av_slideshow_img_scale_av-m2lwrirh-709b8d079e352d329bf198fdff81f249 3s 1 ease-in-out;\ntransform:scale(1.03);\nopacity:1;\n}\n.avia-slideshow.av-m2lwrirh-709b8d079e352d329bf198fdff81f249 .avia-slideshow-slide.slide-even.next-active-slide img{\nanimation:av_slideshow_img_scale_av-m2lwrirh-709b8d079e352d329bf198fdff81f249_even 3s 1 ease-in-out;\ntransform:scale(1.3);\nopacity:1;\n}\n#top #wrap_all .avia-slideshow .av-slideshow-caption.av-m2lwrirh-709b8d079e352d329bf198fdff81f249__1 .avia-caption-title{\nfont-size:36px;\n}\n#top .avia-slideshow .av-slideshow-caption.av-m2lwrirh-709b8d079e352d329bf198fdff81f249__1 .avia-caption-content{\nfont-size:25px;\n}\n#top .avia-slideshow .av-slideshow-caption.av-m2lwrirh-709b8d079e352d329bf198fdff81f249__1 .avia-caption-content p{\nfont-size:25px;\n}\n<\/style>\n<div  class='avia-slideshow av-m2lwrirh-709b8d079e352d329bf198fdff81f249 avia-slideshow-no scaling av_slideshow_full avia-fade-slider av-small-hide av-mini-hide av-slideshow-ui av-control-default av-no-slider-navigation av-slideshow-autoplay av-loop-once av-loop-manual-endless av-default-height-applied   avia-slideshow-1' data-slideshow-options=\"{&quot;animation&quot;:&quot;fade&quot;,&quot;autoplay&quot;:true,&quot;loop_autoplay&quot;:&quot;once&quot;,&quot;interval&quot;:4,&quot;loop_manual&quot;:&quot;manual-endless&quot;,&quot;autoplay_stopper&quot;:true,&quot;noNavigation&quot;:false,&quot;bg_slider&quot;:false,&quot;keep_padding&quot;:false,&quot;hoverpause&quot;:false,&quot;show_slide_delay&quot;:0}\"  itemprop=\"image\" itemscope=\"itemscope\" itemtype=\"https:\/\/schema.org\/ImageObject\" ><ul class='avia-slideshow-inner ' style='padding-bottom: 39.4%;'><li  class='avia-slideshow-slide av-m2lwrirh-709b8d079e352d329bf198fdff81f249__0  slide-1 slide-odd'><div data-rel='slideshow-1' class='avia-slide-wrap '   ><img src='https:\/\/geneva-rootstocks.com\/wp-content\/uploads\/2024\/10\/Slide-logo-EFTR.jpg' width='2000' height='788' title='Slide-logo-EFTR' alt=''  itemprop=\"thumbnailUrl\"   \/><\/div><\/li><li  class='avia-slideshow-slide av-m2lwrirh-709b8d079e352d329bf198fdff81f249__1  slide-2 slide-even'><div data-rel='slideshow-1' class='avia-slide-wrap '   ><div class='av-slideshow-caption av-m2lwrirh-709b8d079e352d329bf198fdff81f249__1 caption_fullwidth caption_center caption_center_framed caption_framed'><div class=\"container caption_container\"><div class=\"slideshow_caption\"><div class=\"slideshow_inner_caption\"><div class=\"slideshow_align_caption\"><h2 class='avia-caption-title '  itemprop=\"name\" >Europa Fruit Tree Rootstocks<\/h2><div class='avia-caption-content '  itemprop=\"description\" ><p>Europejski wydawca podk\u0142adek Geneva\u00ae<\/p>\n<\/div><\/div><\/div><\/div><\/div><\/div><img src='https:\/\/geneva-rootstocks.com\/wp-content\/uploads\/2024\/10\/Slide-EFTR-02.jpg' width='1500' height='591' title='Slide-EFTR-02' alt=''  itemprop=\"thumbnailUrl\"   \/><\/div><\/li><\/ul><div class='avia-slideshow-arrows avia-slideshow-controls' ><a href='#prev' class='prev-slide  avia-svg-icon avia-font-svg_entypo-fontello' data-av_svg_icon='left-open-big' data-av_iconset='svg_entypo-fontello' tabindex='-1' title=\"Previous\"><svg version=\"1.1\" xmlns=\"http:\/\/www.w3.org\/2000\/svg\" width=\"15\" height=\"32\" viewBox=\"0 0 15 32\" preserveAspectRatio=\"xMidYMid meet\" aria-labelledby='av-svg-title-1' aria-describedby='av-svg-desc-1' role=\"graphics-symbol\" aria-hidden=\"true\">\n<title id='av-svg-title-1'>Previous<\/title>\n<desc id='av-svg-desc-1'>Previous<\/desc>\n<path d=\"M14.464 27.84q0.832 0.832 0 1.536-0.832 0.832-1.536 0l-12.544-12.608q-0.768-0.768 0-1.6l12.544-12.608q0.704-0.832 1.536 0 0.832 0.704 0 1.536l-11.456 11.904z\"><\/path>\n<\/svg><span class='avia_hidden_link_text'>Previous<\/span><\/a><a href='#next' class='next-slide  avia-svg-icon avia-font-svg_entypo-fontello' data-av_svg_icon='right-open-big' data-av_iconset='svg_entypo-fontello' tabindex='-1' title=\"Next\"><svg version=\"1.1\" xmlns=\"http:\/\/www.w3.org\/2000\/svg\" width=\"15\" height=\"32\" viewBox=\"0 0 15 32\" preserveAspectRatio=\"xMidYMid meet\" aria-labelledby='av-svg-title-2' aria-describedby='av-svg-desc-2' role=\"graphics-symbol\" aria-hidden=\"true\">\n<title id='av-svg-title-2'>Next<\/title>\n<desc id='av-svg-desc-2'>Next<\/desc>\n<path d=\"M0.416 27.84l11.456-11.84-11.456-11.904q-0.832-0.832 0-1.536 0.832-0.832 1.536 0l12.544 12.608q0.768 0.832 0 1.6l-12.544 12.608q-0.704 0.832-1.536 0-0.832-0.704 0-1.536z\"><\/path>\n<\/svg><span class='avia_hidden_link_text'>Next<\/span><\/a><\/div><\/div><\/div>\n<div id='av_section_1'  class='avia-section av-15wx9-5fa9eb49c5220bef62d40ce654ff5c31 main_color avia-section-large avia-no-border-styling  avia-builder-el-1  el_after_av_slideshow_full  avia-builder-el-last  avia-bg-style-scroll container_wrap fullsize'  ><div class='container av-section-cont-open' ><div class='template-page content  av-content-full alpha units'><div class='post-entry post-entry-type-page post-entry-3576'><div class='entry-content-wrapper clearfix'>\n<div class='flex_column_table av-752l-c0cde695555f3699032b737d184d9251 sc-av_three_fifth av-equal-height-column-flextable'><div  class='flex_column av-752l-c0cde695555f3699032b737d184d9251 av_three_fifth  avia-builder-el-2  el_before_av_two_fifth  avia-builder-el-first  first flex_column_table_cell av-equal-height-column av-align-top av-animated-generic bottom-to-top  '     ><p>\n<style type=\"text\/css\" data-created_by=\"avia_inline_auto\" id=\"style-css-av-m2ly9m97-c24907d5902bc70a5f66791a9adb109e\">\n#top .av-special-heading.av-m2ly9m97-c24907d5902bc70a5f66791a9adb109e{\nmargin:0 0 0 0;\npadding-bottom:0;\nfont-size:44px;\n}\nbody .av-special-heading.av-m2ly9m97-c24907d5902bc70a5f66791a9adb109e .av-special-heading-tag .heading-char{\nfont-size:25px;\n}\n#top #wrap_all .av-special-heading.av-m2ly9m97-c24907d5902bc70a5f66791a9adb109e .av-special-heading-tag{\nfont-size:44px;\npadding:0 0 0 0;\n}\n.av-special-heading.av-m2ly9m97-c24907d5902bc70a5f66791a9adb109e .av-subheading{\nfont-size:22px;\n}\n\n@media only screen and (min-width: 480px) and (max-width: 767px){ \n#top #wrap_all .av-special-heading.av-m2ly9m97-c24907d5902bc70a5f66791a9adb109e .av-special-heading-tag{\nfont-size:0.8em;\n}\n}\n\n@media only screen and (max-width: 479px){ \n#top #wrap_all .av-special-heading.av-m2ly9m97-c24907d5902bc70a5f66791a9adb109e .av-special-heading-tag{\nfont-size:0.8em;\n}\n}\n<\/style>\n<div  class='av-special-heading av-m2ly9m97-c24907d5902bc70a5f66791a9adb109e av-special-heading-h1 blockquote modern-quote  avia-builder-el-3  el_before_av_hr  avia-builder-el-first  av-inherit-size'><h1 class='av-special-heading-tag '  itemprop=\"headline\"  >PODK\u0141ADKI DLA JAB\u0141ONI<\/h1><div class='av-subheading av-subheading_below'><p><em>Ponad sto lat ewolucji<\/em><\/p>\n<\/div><div class=\"special-heading-border\"><div class=\"special-heading-inner-border\"><\/div><\/div><\/div><br \/>\n\n<style type=\"text\/css\" data-created_by=\"avia_inline_auto\" id=\"style-css-av-m2n1xjhr-7114de93055efc2e1ec301d58d0bd1d9\">\n#top .hr.av-m2n1xjhr-7114de93055efc2e1ec301d58d0bd1d9{\nmargin-top:0;\nmargin-bottom:30px;\n}\n.hr.av-m2n1xjhr-7114de93055efc2e1ec301d58d0bd1d9 .hr-inner{\nwidth:300px;\nborder-color:#ee7300;\n}\n<\/style>\n<div  class='hr av-m2n1xjhr-7114de93055efc2e1ec301d58d0bd1d9 hr-custom  avia-builder-el-4  el_after_av_heading  el_before_av_textblock  hr-left hr-icon-no'><span class='hr-inner inner-border-av-border-fat'><span class=\"hr-inner-style\"><\/span><\/span><\/div><br \/>\n\n<style type=\"text\/css\" data-created_by=\"avia_inline_auto\" id=\"style-css-av-1qqrp-6eb0dac158597acae2561ff7b69e26e0\">\n#top .av_textblock_section.av-1qqrp-6eb0dac158597acae2561ff7b69e26e0 .avia_textblock{\nfont-size:17px;\n}\n<\/style>\n<section  class='av_textblock_section av-1qqrp-6eb0dac158597acae2561ff7b69e26e0 '   itemscope=\"itemscope\" itemtype=\"https:\/\/schema.org\/CreativeWork\" ><div class='avia_textblock'  itemprop=\"text\" ><p><strong>Od ponad wieku specjali\u015bci z bran\u017cy drzew owocowych na ca\u0142ym \u015bwiecie staraj\u0105 si\u0119 poprawi\u0107 wydajno\u015b\u0107 odmian wykorzystuj\u0105c podk\u0142adki.<\/strong><\/p>\n<p>Przez d\u0142ugi czas liderem w tej dziedzinie by\u0142a Europa, kt\u00f3ra spopularyzowa\u0142a kar\u0142owe odmiany podk\u0142adek stworzone przez centrum East Mailling w Anglii, w tym s\u0142ynn\u0105 M9, kt\u00f3ra by\u0142a nast\u0119pnie u\u017cywana na ca\u0142ym \u015bwiecie.<\/p>\n<p>Jednak w ostatnich latach zmiany w technikach uprawy, oczekiwaniach spo\u0142ecznych i klimacie uwydatni\u0142y ograniczenia tradycyjnych podk\u0142adek.<\/p>\n<p>Potrzeba nowych selekcji, kt\u00f3re s\u0105 odporne na stresy biotyczne i abiotyczne, a jednocze\u015bnie osi\u0105gaj\u0105 wysoki poziom produktywno\u015bci, szybko sta\u0142a si\u0119 oczywista.<br \/>\nW tym kontek\u015bcie oko\u0142o trzydzie\u015bci lat temu rozpocz\u0119li\u015bmy wprowadzanie i testowanie nowych podk\u0142adek stworzonych przez Cornell University w stacji Geneva w stanie New York w USA.<\/p>\n<p>Dzi\u0119ki unikalnemu po\u0142\u0105czeniu odporno\u015bci i produktywno\u015bci, prawie 20 milion\u00f3w podk\u0142adek Geneva\u00ae zosta\u0142o obecnie wykorzystanych w ca\u0142ej Europie do zak\u0142adania wydajniejszych i bardziej odpornych sad\u00f3w.<\/p>\n<\/div><\/section><br \/>\n<div  class='avia-button-wrap av-m6atik13-efa321b3dd7e79d1aa6cab159041521b-wrap avia-button-left  avia-builder-el-6  el_after_av_textblock  avia-builder-el-last '>\n<style type=\"text\/css\" data-created_by=\"avia_inline_auto\" id=\"style-css-av-m6atik13-efa321b3dd7e79d1aa6cab159041521b\">\n#top #wrap_all .avia-button.av-m6atik13-efa321b3dd7e79d1aa6cab159041521b{\nfont-size:17px;\ntransition:all 0.4s ease-in-out;\nmargin:20px 0 0 0;\n}\n<\/style>\n<a href='https:\/\/geneva-rootstocks.com\/pl\/wideo\/'  class='avia-button av-m6atik13-efa321b3dd7e79d1aa6cab159041521b av-link-btn avia-icon_select-yes-right-icon avia-size-medium avia-position-left avia-color-theme-color'   aria-label=\"Opinie u\u017cytkownik\u00f3w podk\u0142adek Geneva\u00ae\"><span class='avia_iconbox_title' >Opinie u\u017cytkownik\u00f3w podk\u0142adek Geneva\u00ae<\/span><span class='avia_button_icon avia_button_icon_right avia-iconfont avia-font-entypo-fontello' data-av_icon='\uf16a' data-av_iconfont='entypo-fontello' ><\/span><\/a><\/div><\/p><\/div><div class='av-flex-placeholder'><\/div><div  class='flex_column av-zgld-82f962de789d2f91275df738ee1d2927 av_two_fifth  avia-builder-el-7  el_after_av_three_fifth  avia-builder-el-last  flex_column_table_cell av-equal-height-column av-align-top av-animated-generic bottom-to-top  '     ><style type=\"text\/css\" data-created_by=\"avia_inline_auto\" id=\"style-css-av-m2lytfp8-33ffe44ec20635e2657bad23e981ab4b\">\n.avia-image-container.av-m2lytfp8-33ffe44ec20635e2657bad23e981ab4b img.avia_image{\nbox-shadow:none;\n}\n.avia-image-container.av-m2lytfp8-33ffe44ec20635e2657bad23e981ab4b .av-image-caption-overlay-center{\ncolor:#ffffff;\n}\n<\/style>\n<div  class='avia-image-container av-m2lytfp8-33ffe44ec20635e2657bad23e981ab4b av-styling- avia-align-center  avia-builder-el-8  avia-builder-el-no-sibling '   itemprop=\"image\" itemscope=\"itemscope\" itemtype=\"https:\/\/schema.org\/ImageObject\" ><div class=\"avia-image-container-inner\"><div class=\"avia-image-overlay-wrap\"><img class='avia_image ' src='https:\/\/geneva-rootstocks.com\/wp-content\/uploads\/2024\/10\/fleurs-pommier.jpg' alt='' title='fleurs-pommier'  height=\"1200\" width=\"919\"  itemprop=\"thumbnailUrl\"  \/><\/div><\/div><\/div><\/div><\/div><!--close column table wrapper. Autoclose: 1 -->\n","protected":false},"excerpt":{"rendered":"","protected":false},"author":1,"featured_media":0,"parent":0,"menu_order":0,"comment_status":"closed","ping_status":"closed","template":"","meta":{"footnotes":""},"class_list":["post-3576","page","type-page","status-publish","hentry"],"yoast_head":"<!-- This site is optimized with the Yoast SEO plugin v27.5 - https:\/\/yoast.com\/product\/yoast-seo-wordpress\/ -->\n<title>Home - Europa Fruit Tree Rootstocks<\/title>\n<meta name=\"robots\" content=\"index, follow, max-snippet:-1, max-image-preview:large, max-video-preview:-1\" \/>\n<link rel=\"canonical\" href=\"https:\/\/geneva-rootstocks.com\/pl\/\" \/>\n<meta property=\"og:locale\" content=\"pl_PL\" \/>\n<meta property=\"og:type\" content=\"article\" \/>\n<meta property=\"og:title\" content=\"Home - Europa Fruit Tree Rootstocks\" \/>\n<meta property=\"og:url\" content=\"https:\/\/geneva-rootstocks.com\/pl\/\" \/>\n<meta property=\"og:site_name\" content=\"Europa Fruit Tree Rootstocks\" \/>\n<meta property=\"article:publisher\" content=\"https:\/\/www.facebook.com\/Htel-Les-Alpages-102579714817700\" \/>\n<meta property=\"article:modified_time\" content=\"2025-03-03T12:38:34+00:00\" \/>\n<meta property=\"og:image\" content=\"https:\/\/geneva-rootstocks.com\/wp-content\/uploads\/2024\/10\/Slide-logo-EFTR.jpg\" \/>\n\t<meta property=\"og:image:width\" content=\"2000\" \/>\n\t<meta property=\"og:image:height\" content=\"788\" \/>\n\t<meta property=\"og:image:type\" content=\"image\/jpeg\" \/>\n<meta name=\"twitter:card\" content=\"summary_large_image\" \/>\n<meta name=\"twitter:label1\" content=\"Szacowany czas czytania\" \/>\n\t<meta name=\"twitter:data1\" content=\"2 minuty\" \/>\n<script type=\"application\/ld+json\" class=\"yoast-schema-graph\">{\"@context\":\"https:\\\/\\\/schema.org\",\"@graph\":[{\"@type\":\"WebPage\",\"@id\":\"https:\\\/\\\/geneva-rootstocks.com\\\/pl\\\/\",\"url\":\"https:\\\/\\\/geneva-rootstocks.com\\\/pl\\\/\",\"name\":\"Home - Europa Fruit Tree Rootstocks\",\"isPartOf\":{\"@id\":\"https:\\\/\\\/geneva-rootstocks.com\\\/pl\\\/#website\"},\"datePublished\":\"2022-04-01T07:08:41+00:00\",\"dateModified\":\"2025-03-03T12:38:34+00:00\",\"breadcrumb\":{\"@id\":\"https:\\\/\\\/geneva-rootstocks.com\\\/pl\\\/#breadcrumb\"},\"inLanguage\":\"pl-PL\",\"potentialAction\":[{\"@type\":\"ReadAction\",\"target\":[\"https:\\\/\\\/geneva-rootstocks.com\\\/pl\\\/\"]}]},{\"@type\":\"BreadcrumbList\",\"@id\":\"https:\\\/\\\/geneva-rootstocks.com\\\/pl\\\/#breadcrumb\",\"itemListElement\":[{\"@type\":\"ListItem\",\"position\":1,\"name\":\"Accueil\",\"item\":\"https:\\\/\\\/geneva-rootstocks.com\\\/pl\\\/\"},{\"@type\":\"ListItem\",\"position\":2,\"name\":\"Home\"}]},{\"@type\":\"WebSite\",\"@id\":\"https:\\\/\\\/geneva-rootstocks.com\\\/pl\\\/#website\",\"url\":\"https:\\\/\\\/geneva-rootstocks.com\\\/pl\\\/\",\"name\":\"Europa Fruit Tree Rootstocks - \u00c9diteur europ\u00e9en des porte greffe Geneva\u00ae\",\"description\":\"Europa Fruit Tree Rootstocks - \u00c9diteur europ\u00e9en des porte greffe Geneva\u00ae\",\"publisher\":{\"@id\":\"https:\\\/\\\/geneva-rootstocks.com\\\/pl\\\/#organization\"},\"alternateName\":\"EFTR - Europa Fruit Tree Rootstocks\",\"potentialAction\":[{\"@type\":\"SearchAction\",\"target\":{\"@type\":\"EntryPoint\",\"urlTemplate\":\"https:\\\/\\\/geneva-rootstocks.com\\\/pl\\\/?s={search_term_string}\"},\"query-input\":{\"@type\":\"PropertyValueSpecification\",\"valueRequired\":true,\"valueName\":\"search_term_string\"}}],\"inLanguage\":\"pl-PL\"},{\"@type\":\"Organization\",\"@id\":\"https:\\\/\\\/geneva-rootstocks.com\\\/pl\\\/#organization\",\"name\":\"H\u00f4tel Les Alpages - SITE OFFICIEL - H\u00f4tel*** Restaurant dans le Jura (39) \u00e0 Bonlieu\",\"alternateName\":\"Les Alpages, H\u00f4tel 3 \u00e9toiles restaurant \u00e0 Bonlieu dans le Jura\",\"url\":\"https:\\\/\\\/geneva-rootstocks.com\\\/pl\\\/\",\"logo\":{\"@type\":\"ImageObject\",\"inLanguage\":\"pl-PL\",\"@id\":\"https:\\\/\\\/geneva-rootstocks.com\\\/pl\\\/#\\\/schema\\\/logo\\\/image\\\/\",\"url\":\"\",\"contentUrl\":\"\",\"caption\":\"H\u00f4tel Les Alpages - SITE OFFICIEL - H\u00f4tel*** Restaurant dans le Jura (39) \u00e0 Bonlieu\"},\"image\":{\"@id\":\"https:\\\/\\\/geneva-rootstocks.com\\\/pl\\\/#\\\/schema\\\/logo\\\/image\\\/\"},\"sameAs\":[\"https:\\\/\\\/www.facebook.com\\\/Htel-Les-Alpages-102579714817700\",\"https:\\\/\\\/instagram.com\\\/hotel_les_alpages\"]}]}<\/script>\n<!-- \/ Yoast SEO plugin. -->","yoast_head_json":{"title":"Home - Europa Fruit Tree Rootstocks","robots":{"index":"index","follow":"follow","max-snippet":"max-snippet:-1","max-image-preview":"max-image-preview:large","max-video-preview":"max-video-preview:-1"},"canonical":"https:\/\/geneva-rootstocks.com\/pl\/","og_locale":"pl_PL","og_type":"article","og_title":"Home - Europa Fruit Tree Rootstocks","og_url":"https:\/\/geneva-rootstocks.com\/pl\/","og_site_name":"Europa Fruit Tree Rootstocks","article_publisher":"https:\/\/www.facebook.com\/Htel-Les-Alpages-102579714817700","article_modified_time":"2025-03-03T12:38:34+00:00","og_image":[{"width":2000,"height":788,"url":"https:\/\/geneva-rootstocks.com\/wp-content\/uploads\/2024\/10\/Slide-logo-EFTR.jpg","type":"image\/jpeg"}],"twitter_card":"summary_large_image","twitter_misc":{"Szacowany czas czytania":"2 minuty"},"schema":{"@context":"https:\/\/schema.org","@graph":[{"@type":"WebPage","@id":"https:\/\/geneva-rootstocks.com\/pl\/","url":"https:\/\/geneva-rootstocks.com\/pl\/","name":"Home - Europa Fruit Tree Rootstocks","isPartOf":{"@id":"https:\/\/geneva-rootstocks.com\/pl\/#website"},"datePublished":"2022-04-01T07:08:41+00:00","dateModified":"2025-03-03T12:38:34+00:00","breadcrumb":{"@id":"https:\/\/geneva-rootstocks.com\/pl\/#breadcrumb"},"inLanguage":"pl-PL","potentialAction":[{"@type":"ReadAction","target":["https:\/\/geneva-rootstocks.com\/pl\/"]}]},{"@type":"BreadcrumbList","@id":"https:\/\/geneva-rootstocks.com\/pl\/#breadcrumb","itemListElement":[{"@type":"ListItem","position":1,"name":"Accueil","item":"https:\/\/geneva-rootstocks.com\/pl\/"},{"@type":"ListItem","position":2,"name":"Home"}]},{"@type":"WebSite","@id":"https:\/\/geneva-rootstocks.com\/pl\/#website","url":"https:\/\/geneva-rootstocks.com\/pl\/","name":"Europa Fruit Tree Rootstocks - \u00c9diteur europ\u00e9en des porte greffe Geneva\u00ae","description":"Europa Fruit Tree Rootstocks - \u00c9diteur europ\u00e9en des porte greffe Geneva\u00ae","publisher":{"@id":"https:\/\/geneva-rootstocks.com\/pl\/#organization"},"alternateName":"EFTR - Europa Fruit Tree Rootstocks","potentialAction":[{"@type":"SearchAction","target":{"@type":"EntryPoint","urlTemplate":"https:\/\/geneva-rootstocks.com\/pl\/?s={search_term_string}"},"query-input":{"@type":"PropertyValueSpecification","valueRequired":true,"valueName":"search_term_string"}}],"inLanguage":"pl-PL"},{"@type":"Organization","@id":"https:\/\/geneva-rootstocks.com\/pl\/#organization","name":"H\u00f4tel Les Alpages - SITE OFFICIEL - H\u00f4tel*** Restaurant dans le Jura (39) \u00e0 Bonlieu","alternateName":"Les Alpages, H\u00f4tel 3 \u00e9toiles restaurant \u00e0 Bonlieu dans le Jura","url":"https:\/\/geneva-rootstocks.com\/pl\/","logo":{"@type":"ImageObject","inLanguage":"pl-PL","@id":"https:\/\/geneva-rootstocks.com\/pl\/#\/schema\/logo\/image\/","url":"","contentUrl":"","caption":"H\u00f4tel Les Alpages - SITE OFFICIEL - H\u00f4tel*** Restaurant dans le Jura (39) \u00e0 Bonlieu"},"image":{"@id":"https:\/\/geneva-rootstocks.com\/pl\/#\/schema\/logo\/image\/"},"sameAs":["https:\/\/www.facebook.com\/Htel-Les-Alpages-102579714817700","https:\/\/instagram.com\/hotel_les_alpages"]}]}},"_links":{"self":[{"href":"https:\/\/geneva-rootstocks.com\/pl\/wp-json\/wp\/v2\/pages\/3576","targetHints":{"allow":["GET"]}}],"collection":[{"href":"https:\/\/geneva-rootstocks.com\/pl\/wp-json\/wp\/v2\/pages"}],"about":[{"href":"https:\/\/geneva-rootstocks.com\/pl\/wp-json\/wp\/v2\/types\/page"}],"author":[{"embeddable":true,"href":"https:\/\/geneva-rootstocks.com\/pl\/wp-json\/wp\/v2\/users\/1"}],"replies":[{"embeddable":true,"href":"https:\/\/geneva-rootstocks.com\/pl\/wp-json\/wp\/v2\/comments?post=3576"}],"version-history":[{"count":0,"href":"https:\/\/geneva-rootstocks.com\/pl\/wp-json\/wp\/v2\/pages\/3576\/revisions"}],"wp:attachment":[{"href":"https:\/\/geneva-rootstocks.com\/pl\/wp-json\/wp\/v2\/media?parent=3576"}],"curies":[{"name":"wp","href":"https:\/\/api.w.org\/{rel}","templated":true}]}}