{"id":3454,"date":"2024-10-23T18:35:46","date_gmt":"2024-10-23T16:35:46","guid":{"rendered":"https:\/\/geneva-rootstocks.com\/le-programme\/"},"modified":"2025-02-17T12:45:15","modified_gmt":"2025-02-17T11:45:15","slug":"het-programma","status":"publish","type":"page","link":"https:\/\/geneva-rootstocks.com\/nl\/het-programma\/","title":{"rendered":"Het Programma"},"content":{"rendered":"<div id='av_section_1'  class='avia-section av-67pw5y-3e89ca76aa77a8704002d418ef76dd51 main_color avia-section-default avia-no-border-styling  avia-builder-el-0  avia-builder-el-no-sibling  avia-bg-style-scroll container_wrap fullsize'  ><div class='container av-section-cont-open' ><main  role=\"main\" itemprop=\"mainContentOfPage\"  class='template-page content  av-content-full alpha units'><div class='post-entry post-entry-type-page post-entry-3454'><div class='entry-content-wrapper clearfix'>\n\n<style type=\"text\/css\" data-created_by=\"avia_inline_auto\" id=\"style-css-av-327lom-7170407b22852456ce48c681a11570e1\">\n#top .flex_column.av-327lom-7170407b22852456ce48c681a11570e1{\nmargin-top:0px;\nmargin-bottom:0px;\n}\n.flex_column.av-327lom-7170407b22852456ce48c681a11570e1{\npadding:0 0 0 0;\n}\n.responsive #top #wrap_all .flex_column.av-327lom-7170407b22852456ce48c681a11570e1{\nmargin-top:0px;\nmargin-bottom:0px;\n}\n<\/style>\n<div  class='flex_column av-327lom-7170407b22852456ce48c681a11570e1 av_one_full  avia-builder-el-1  el_before_av_two_fifth  avia-builder-el-first  first flex_column_div av-zero-column-padding  '     ><p>\n<style type=\"text\/css\" data-created_by=\"avia_inline_auto\" id=\"style-css-av-39gg46-8f68b7fc2644180c99bf4cc896f12d8e\">\n#top .av-special-heading.av-39gg46-8f68b7fc2644180c99bf4cc896f12d8e{\nmargin:0 0 0 0;\npadding-bottom:0;\nfont-size:44px;\n}\nbody .av-special-heading.av-39gg46-8f68b7fc2644180c99bf4cc896f12d8e .av-special-heading-tag .heading-char{\nfont-size:25px;\n}\n#top #wrap_all .av-special-heading.av-39gg46-8f68b7fc2644180c99bf4cc896f12d8e .av-special-heading-tag{\nfont-size:44px;\npadding:0 0 0 0;\n}\n.av-special-heading.av-39gg46-8f68b7fc2644180c99bf4cc896f12d8e .av-subheading{\nfont-size:15px;\n}\n\n@media only screen and (min-width: 480px) and (max-width: 767px){ \n#top #wrap_all .av-special-heading.av-39gg46-8f68b7fc2644180c99bf4cc896f12d8e .av-special-heading-tag{\nfont-size:0.8em;\n}\n}\n\n@media only screen and (max-width: 479px){ \n#top #wrap_all .av-special-heading.av-39gg46-8f68b7fc2644180c99bf4cc896f12d8e .av-special-heading-tag{\nfont-size:0.8em;\n}\n}\n<\/style>\n<div  class='av-special-heading av-39gg46-8f68b7fc2644180c99bf4cc896f12d8e av-special-heading-h1 blockquote modern-quote  avia-builder-el-2  el_before_av_hr  avia-builder-el-first  av-inherit-size'><h1 class='av-special-heading-tag '  itemprop=\"headline\"  >HET PROGRAMMA<\/h1><div class=\"special-heading-border\"><div class=\"special-heading-inner-border\"><\/div><\/div><\/div><br \/>\n\n<style type=\"text\/css\" data-created_by=\"avia_inline_auto\" id=\"style-css-av-6getli-8e223668aeb97491107ef5d68e138f67\">\n#top .hr.av-6getli-8e223668aeb97491107ef5d68e138f67{\nmargin-top:0;\nmargin-bottom:10px;\n}\n.hr.av-6getli-8e223668aeb97491107ef5d68e138f67 .hr-inner{\nwidth:300px;\nborder-color:#ee7300;\n}\n<\/style>\n<div  class='hr av-6getli-8e223668aeb97491107ef5d68e138f67 hr-custom  avia-builder-el-3  el_after_av_heading  avia-builder-el-last  hr-left hr-icon-no'><span class='hr-inner inner-border-av-border-thin'><span class=\"hr-inner-style\"><\/span><\/span><\/div><\/p><\/div><div class='flex_column_table av-639s9y-ee915efc636b3ac8b5b6918f8076ce12 sc-av_two_fifth av-equal-height-column-flextable'>\n<style type=\"text\/css\" data-created_by=\"avia_inline_auto\" id=\"style-css-av-639s9y-ee915efc636b3ac8b5b6918f8076ce12\">\n#top .flex_column_table.av-equal-height-column-flextable.av-639s9y-ee915efc636b3ac8b5b6918f8076ce12{\nmargin-top:0px;\nmargin-bottom:0px;\n}\n<\/style>\n<div  class='flex_column av-639s9y-ee915efc636b3ac8b5b6918f8076ce12 av_two_fifth  avia-builder-el-4  el_after_av_one_full  el_before_av_three_fifth  first flex_column_table_cell av-equal-height-column av-align-middle av-animated-generic left-to-right  column-top-margin'     ><style type=\"text\/css\" data-created_by=\"avia_inline_auto\" id=\"style-css-av-m2m3ympg-4658fe2430dcf6e141c690e1740e3c35\">\n#top .av_textblock_section.av-m2m3ympg-4658fe2430dcf6e141c690e1740e3c35 .avia_textblock{\nfont-size:17px;\n}\n<\/style>\n<section  class='av_textblock_section av-m2m3ympg-4658fe2430dcf6e141c690e1740e3c35 '   itemscope=\"itemscope\" itemtype=\"https:\/\/schema.org\/CreativeWork\" ><div class='avia_textblock'  itemprop=\"text\" ><p>Het veredelingsprogramma voor Geneva\u00ae-appelonderstammen werd in 1968 gelanceerd aan de Cornell University door Dr James Cummins en Dr Herb Aldwinckle in het proefstation te Geneva, New York.<\/p>\n<p>Het doel van dit programma was om nieuwe onderstamgenotypes te ontwikkelen met verbeterde eigenschappen, zowel in de kwekerij als in de boomgaard, die beter aangepast zijn aan de biotische stressfactoren die veel voorkomen in het oosten van Noord-Amerika, <strong>zoals bacterievuur<\/strong> (Erwinia amylovora), <strong>kroon- en wortelrot<\/strong> (Phytophthora spp.) en <strong>appelbloedluis<\/strong> (Eriosoma lanigerum).<\/p>\n<\/div><\/section><\/div><div class='av-flex-placeholder'><\/div>\n<style type=\"text\/css\" data-created_by=\"avia_inline_auto\" id=\"style-css-av-38ll06-6923c4e022712e8d403fbaa868411653\">\n#top .flex_column_table.av-equal-height-column-flextable.av-38ll06-6923c4e022712e8d403fbaa868411653{\nmargin-top:0px;\nmargin-bottom:0px;\n}\n<\/style>\n<div  class='flex_column av-38ll06-6923c4e022712e8d403fbaa868411653 av_three_fifth  avia-builder-el-6  el_after_av_two_fifth  el_before_av_hr  flex_column_table_cell av-equal-height-column av-align-middle av-animated-generic pop-up  column-top-margin'     ><p>\n<style type=\"text\/css\" data-created_by=\"avia_inline_auto\" id=\"style-css-av-m37dk699-b5acae5b97af31afc804a922eaa1cece\">\n.avia-image-container.av-m37dk699-b5acae5b97af31afc804a922eaa1cece img.avia_image{\nbox-shadow:none;\n}\n.avia-image-container.av-m37dk699-b5acae5b97af31afc804a922eaa1cece .av-image-caption-overlay-center{\ncolor:#ffffff;\n}\n<\/style>\n<div  class='avia-image-container av-m37dk699-b5acae5b97af31afc804a922eaa1cece av-styling- avia-align-center  avia-builder-el-7  el_before_av_textblock  avia-builder-el-first '   itemprop=\"image\" itemscope=\"itemscope\" itemtype=\"https:\/\/schema.org\/ImageObject\" ><div class=\"avia-image-container-inner\"><div class=\"avia-image-overlay-wrap\"><img class='avia_image ' src='https:\/\/geneva-rootstocks.com\/wp-content\/uploads\/2024\/11\/EFTR-Dr-James-Cummins.jpg' alt='Dr James Cummins' title='EFTR-Dr-James-Cummins'  height=\"500\" width=\"900\"  itemprop=\"thumbnailUrl\"  \/><\/div><\/div><\/div><br \/>\n\n<style type=\"text\/css\" data-created_by=\"avia_inline_auto\" id=\"style-css-av-m37dltiq-935bc19bcc90e43d6813e9174192776f\">\n#top .av_textblock_section.av-m37dltiq-935bc19bcc90e43d6813e9174192776f .avia_textblock{\ntext-align:center;\n}\n<\/style>\n<section  class='av_textblock_section av-m37dltiq-935bc19bcc90e43d6813e9174192776f '   itemscope=\"itemscope\" itemtype=\"https:\/\/schema.org\/CreativeWork\" ><div class='avia_textblock'  itemprop=\"text\" ><p><em>Dr James Cummins<\/em><\/p>\n<\/div><\/section><\/p><\/div><\/div><!--close column table wrapper. Autoclose: 1 -->\n<style type=\"text\/css\" data-created_by=\"avia_inline_auto\" id=\"style-css-av-m37ej867-badbc491ad14e7a5282bd2a6de0387d8\">\n#top .hr.hr-invisible.av-m37ej867-badbc491ad14e7a5282bd2a6de0387d8{\nheight:50px;\n}\n<\/style>\n<div  class='hr av-m37ej867-badbc491ad14e7a5282bd2a6de0387d8 hr-invisible  avia-builder-el-9  el_after_av_three_fifth  el_before_av_three_fifth '><span class='hr-inner '><span class=\"hr-inner-style\"><\/span><\/span><\/div>\n<div class='flex_column_table av-7lavfa-44d423b551d01f4f9d33106dd2e89ca3 sc-av_three_fifth av-equal-height-column-flextable'><div  class='flex_column av-7lavfa-44d423b551d01f4f9d33106dd2e89ca3 av_three_fifth  avia-builder-el-10  el_after_av_hr  el_before_av_two_fifth  first flex_column_table_cell av-equal-height-column av-align-middle av-animated-generic pop-up  '     ><p>\n<style type=\"text\/css\" data-created_by=\"avia_inline_auto\" id=\"style-css-av-m37dro9n-b8af0e3263827d4a8a6097248e467db8\">\n.avia-image-container.av-m37dro9n-b8af0e3263827d4a8a6097248e467db8 img.avia_image{\nbox-shadow:none;\n}\n.avia-image-container.av-m37dro9n-b8af0e3263827d4a8a6097248e467db8 .av-image-caption-overlay-center{\ncolor:#ffffff;\n}\n<\/style>\n<div  class='avia-image-container av-m37dro9n-b8af0e3263827d4a8a6097248e467db8 av-styling- avia-align-center  avia-builder-el-11  el_before_av_textblock  avia-builder-el-first '   itemprop=\"image\" itemscope=\"itemscope\" itemtype=\"https:\/\/schema.org\/ImageObject\" ><div class=\"avia-image-container-inner\"><div class=\"avia-image-overlay-wrap\"><img class='avia_image ' src='https:\/\/geneva-rootstocks.com\/wp-content\/uploads\/2024\/11\/EFTR-Cornell-University.jpg' alt='Cornell University' title='EFTR-Cornell-University'  height=\"500\" width=\"900\"  itemprop=\"thumbnailUrl\"  \/><\/div><\/div><\/div><br \/>\n\n<style type=\"text\/css\" data-created_by=\"avia_inline_auto\" id=\"style-css-av-m37eb6iz-63b61529404dc2ee4e49111afaf4c0ac\">\n#top .av_textblock_section.av-m37eb6iz-63b61529404dc2ee4e49111afaf4c0ac .avia_textblock{\ntext-align:center;\n}\n<\/style>\n<section  class='av_textblock_section av-m37eb6iz-63b61529404dc2ee4e49111afaf4c0ac '   itemscope=\"itemscope\" itemtype=\"https:\/\/schema.org\/CreativeWork\" ><div class='avia_textblock'  itemprop=\"text\" ><p><em>Cornell University, Geneva-proefstation, Geneva NY<\/em><\/p>\n<\/div><\/section><\/p><\/div><div class='av-flex-placeholder'><\/div><div  class='flex_column av-58e14m-f635fdf0d487967c19fad9084be62352 av_two_fifth  avia-builder-el-13  el_after_av_three_fifth  el_before_av_hr  flex_column_table_cell av-equal-height-column av-align-middle av-animated-generic right-to-left  '     ><style type=\"text\/css\" data-created_by=\"avia_inline_auto\" id=\"style-css-av-m37ef9ka-1d01f1533b5274face7825598c997c2c\">\n#top .av_textblock_section.av-m37ef9ka-1d01f1533b5274face7825598c997c2c .avia_textblock{\nfont-size:17px;\n}\n<\/style>\n<section  class='av_textblock_section av-m37ef9ka-1d01f1533b5274face7825598c997c2c '   itemscope=\"itemscope\" itemtype=\"https:\/\/schema.org\/CreativeWork\" ><div class='avia_textblock'  itemprop=\"text\" ><p>Dr. Cummins leidde het onderstamveredelingsprogramma van Cornell University tot zijn pensioen in 1993. In 1998 werd dit omgezet in een gezamenlijk veredelingsprogramma met het Amerikaanse ministerie van landbouw (USDA) waarin een USDA-veredelaar als hoofdwetenschapper en verschillende wetenschappers van Cornell samenwerkten.<\/p>\n<p>Tijdens de veredeling toonden deze nieuwe onderstammen een hoge productiviteit en een vari\u00ebrende mate van tolerantie tegen bodemmoeheid bij herinplant.<\/p>\n<\/div><\/section><\/div><\/div><!--close column table wrapper. Autoclose: 1 -->\n<style type=\"text\/css\" data-created_by=\"avia_inline_auto\" id=\"style-css-av-23aqrq-64dedf4b70372d5433aeb36994ac2683\">\n#top .hr.hr-invisible.av-23aqrq-64dedf4b70372d5433aeb36994ac2683{\nheight:50px;\n}\n<\/style>\n<div  class='hr av-23aqrq-64dedf4b70372d5433aeb36994ac2683 hr-invisible  avia-builder-el-15  el_after_av_two_fifth  el_before_av_two_fifth '><span class='hr-inner '><span class=\"hr-inner-style\"><\/span><\/span><\/div>\n<div class='flex_column_table av-48qt52-dc7b84c713c231ef617f9e76e1006f27 sc-av_two_fifth av-equal-height-column-flextable'><div  class='flex_column av-48qt52-dc7b84c713c231ef617f9e76e1006f27 av_two_fifth  avia-builder-el-16  el_after_av_hr  el_before_av_three_fifth  first flex_column_table_cell av-equal-height-column av-align-middle av-animated-generic left-to-right  '     ><style type=\"text\/css\" data-created_by=\"avia_inline_auto\" id=\"style-css-av-m37dqs84-25d08951690f638ffb0685e11b543013\">\n#top .av_textblock_section.av-m37dqs84-25d08951690f638ffb0685e11b543013 .avia_textblock{\nfont-size:17px;\n}\n<\/style>\n<section  class='av_textblock_section av-m37dqs84-25d08951690f638ffb0685e11b543013 '   itemscope=\"itemscope\" itemtype=\"https:\/\/schema.org\/CreativeWork\" ><div class='avia_textblock'  itemprop=\"text\" ><p>Sinds zijn komst in 2001 heeft de nieuwe veredelaar, Gennaro Fazio, het programma verder ontwikkeld met behulp van een uitgebreide genetische basis, waaronder wilde appelsoorten uit Kazakstan en andere Centraal-Aziatische landen.<\/p>\n<p>Het programma ontwikkelt momenteel ziekte- en plaagresistente onderstammen om de productiviteit van boomgaarden te verhogen en boomkwekers in staat te stellen de appelteelt nauwkeurig af te stemmen met onderstammen die zijn aangepast aan complexe combinaties van vari\u00ebteit-bodem-klimaat over de hele wereld.<\/p>\n<p>Deze<strong> vijftig jaar inspanningen op het gebied van de veredeling van appelonderstammen<\/strong> hebben geleid tot de ontwikkeling van een groot aantal selecties die zich in verschillende stadia van beproeving en commerci\u00eble distributie over de hele wereld bevinden.<\/p>\n<\/div><\/section><\/div><div class='av-flex-placeholder'><\/div><div  class='flex_column av-2qji86-43e33eab6adaed6edcd5ecb5e716419b av_three_fifth  avia-builder-el-18  el_after_av_two_fifth  el_before_av_one_full  flex_column_table_cell av-equal-height-column av-align-middle av-animated-generic pop-up  '     ><p>\n<style type=\"text\/css\" data-created_by=\"avia_inline_auto\" id=\"style-css-av-1whz1i-dd63c125ece119f03351efddecd7a152\">\n.avia-image-container.av-1whz1i-dd63c125ece119f03351efddecd7a152 img.avia_image{\nbox-shadow:none;\n}\n.avia-image-container.av-1whz1i-dd63c125ece119f03351efddecd7a152 .av-image-caption-overlay-center{\ncolor:#ffffff;\n}\n<\/style>\n<div  class='avia-image-container av-1whz1i-dd63c125ece119f03351efddecd7a152 av-styling- avia-align-center  avia-builder-el-19  el_before_av_textblock  avia-builder-el-first '   itemprop=\"image\" itemscope=\"itemscope\" itemtype=\"https:\/\/schema.org\/ImageObject\" ><div class=\"avia-image-container-inner\"><div class=\"avia-image-overlay-wrap\"><img class='avia_image ' src='https:\/\/geneva-rootstocks.com\/wp-content\/uploads\/2024\/11\/EFTR-Geneva-Rootstocks-Team.jpg' alt='Geneva Rootstocks Team' title='EFTR-Geneva-Rootstocks-Team'  height=\"500\" width=\"900\"  itemprop=\"thumbnailUrl\"  \/><\/div><\/div><\/div><br \/>\n\n<style type=\"text\/css\" data-created_by=\"avia_inline_auto\" id=\"style-css-av-m37dtzta-373f6fabf48527b0591b5ca69a25b7ca\">\n#top .av_textblock_section.av-m37dtzta-373f6fabf48527b0591b5ca69a25b7ca .avia_textblock{\ntext-align:center;\n}\n<\/style>\n<section  class='av_textblock_section av-m37dtzta-373f6fabf48527b0591b5ca69a25b7ca '   itemscope=\"itemscope\" itemtype=\"https:\/\/schema.org\/CreativeWork\" ><div class='avia_textblock'  itemprop=\"text\" ><p><em>Het team van Geneva\u00ae Rootstocks<br \/>\nVan links naar rechts: Dr Genneao Fazio (USDA-ARS), Dr. Albert Y Tsui (CTL), Dr Terence Robinson (Cornell AgriTech), Emily Courson (CTL)<\/em><\/p>\n<\/div><\/section><\/p><\/div><\/div><!--close column table wrapper. Autoclose: 1 --><div class='flex_column_table av-2gt2hi-46f62b97afb36d0c5373c81e11a4dcfa sc-av_one_full av-equal-height-column-flextable'><div  class='flex_column av-2gt2hi-46f62b97afb36d0c5373c81e11a4dcfa av_one_full  avia-builder-el-21  el_after_av_three_fifth  avia-builder-el-last  first flex_column_table_cell av-equal-height-column av-align-middle av-animated-generic pop-up  '     ><style type=\"text\/css\" data-created_by=\"avia_inline_auto\" id=\"style-css-av-m37eyekx-887e8716a8fb54173702b9700e393c51\">\n#top .av_textblock_section.av-m37eyekx-887e8716a8fb54173702b9700e393c51 .avia_textblock{\nfont-size:17px;\n}\n<\/style>\n<section  class='av_textblock_section av-m37eyekx-887e8716a8fb54173702b9700e393c51 '   itemscope=\"itemscope\" itemtype=\"https:\/\/schema.org\/CreativeWork\" ><div class='avia_textblock'  itemprop=\"text\" ><p>Voor Europa is de ontwikkeling van de veredeling van Geneva\u00ae-appelonderstammen toevertrouwd aan <strong>Europa Fruit Tree Rootstocks (EFTR)<\/strong>.<\/p>\n<\/div><\/section><\/div><\/div><!--close column table wrapper. Autoclose: 1 -->\n","protected":false},"excerpt":{"rendered":"","protected":false},"author":1,"featured_media":0,"parent":0,"menu_order":0,"comment_status":"closed","ping_status":"closed","template":"","meta":{"footnotes":""},"class_list":["post-3454","page","type-page","status-publish","hentry"],"yoast_head":"<!-- This site is optimized with the Yoast SEO plugin v27.6 - https:\/\/yoast.com\/product\/yoast-seo-wordpress\/ -->\n<title>Het Programma - Europa Fruit Tree Rootstocks<\/title>\n<meta name=\"robots\" content=\"index, follow, max-snippet:-1, max-image-preview:large, max-video-preview:-1\" \/>\n<link rel=\"canonical\" href=\"https:\/\/geneva-rootstocks.com\/nl\/het-programma\/\" \/>\n<meta property=\"og:locale\" content=\"nl_NL\" \/>\n<meta property=\"og:type\" content=\"article\" \/>\n<meta property=\"og:title\" content=\"Het Programma - Europa Fruit Tree Rootstocks\" \/>\n<meta property=\"og:url\" content=\"https:\/\/geneva-rootstocks.com\/nl\/het-programma\/\" \/>\n<meta property=\"og:site_name\" content=\"Europa Fruit Tree Rootstocks\" \/>\n<meta property=\"article:publisher\" content=\"https:\/\/www.facebook.com\/Htel-Les-Alpages-102579714817700\" \/>\n<meta property=\"article:modified_time\" content=\"2025-02-17T11:45:15+00:00\" \/>\n<meta property=\"og:image\" content=\"https:\/\/geneva-rootstocks.com\/wp-content\/uploads\/2024\/10\/Slide-logo-EFTR.jpg\" \/>\n\t<meta property=\"og:image:width\" content=\"2000\" \/>\n\t<meta property=\"og:image:height\" content=\"788\" \/>\n\t<meta property=\"og:image:type\" content=\"image\/jpeg\" \/>\n<meta name=\"twitter:card\" content=\"summary_large_image\" \/>\n<meta name=\"twitter:label1\" content=\"Geschatte leestijd\" \/>\n\t<meta name=\"twitter:data1\" content=\"3 minuten\" \/>\n<script type=\"application\/ld+json\" class=\"yoast-schema-graph\">{\"@context\":\"https:\\\/\\\/schema.org\",\"@graph\":[{\"@type\":\"WebPage\",\"@id\":\"https:\\\/\\\/geneva-rootstocks.com\\\/nl\\\/het-programma\\\/\",\"url\":\"https:\\\/\\\/geneva-rootstocks.com\\\/nl\\\/het-programma\\\/\",\"name\":\"Het Programma - Europa Fruit Tree Rootstocks\",\"isPartOf\":{\"@id\":\"https:\\\/\\\/geneva-rootstocks.com\\\/nl\\\/#website\"},\"datePublished\":\"2024-10-23T16:35:46+00:00\",\"dateModified\":\"2025-02-17T11:45:15+00:00\",\"breadcrumb\":{\"@id\":\"https:\\\/\\\/geneva-rootstocks.com\\\/nl\\\/het-programma\\\/#breadcrumb\"},\"inLanguage\":\"nl-NL\",\"potentialAction\":[{\"@type\":\"ReadAction\",\"target\":[\"https:\\\/\\\/geneva-rootstocks.com\\\/nl\\\/het-programma\\\/\"]}]},{\"@type\":\"BreadcrumbList\",\"@id\":\"https:\\\/\\\/geneva-rootstocks.com\\\/nl\\\/het-programma\\\/#breadcrumb\",\"itemListElement\":[{\"@type\":\"ListItem\",\"position\":1,\"name\":\"Accueil\",\"item\":\"https:\\\/\\\/geneva-rootstocks.com\\\/nl\\\/\"},{\"@type\":\"ListItem\",\"position\":2,\"name\":\"Het Programma\"}]},{\"@type\":\"WebSite\",\"@id\":\"https:\\\/\\\/geneva-rootstocks.com\\\/nl\\\/#website\",\"url\":\"https:\\\/\\\/geneva-rootstocks.com\\\/nl\\\/\",\"name\":\"Europa Fruit Tree Rootstocks - \u00c9diteur europ\u00e9en des porte greffe Geneva\u00ae\",\"description\":\"Europa Fruit Tree Rootstocks - \u00c9diteur europ\u00e9en des porte greffe Geneva\u00ae\",\"publisher\":{\"@id\":\"https:\\\/\\\/geneva-rootstocks.com\\\/nl\\\/#organization\"},\"alternateName\":\"EFTR - Europa Fruit Tree Rootstocks\",\"potentialAction\":[{\"@type\":\"SearchAction\",\"target\":{\"@type\":\"EntryPoint\",\"urlTemplate\":\"https:\\\/\\\/geneva-rootstocks.com\\\/nl\\\/?s={search_term_string}\"},\"query-input\":{\"@type\":\"PropertyValueSpecification\",\"valueRequired\":true,\"valueName\":\"search_term_string\"}}],\"inLanguage\":\"nl-NL\"},{\"@type\":\"Organization\",\"@id\":\"https:\\\/\\\/geneva-rootstocks.com\\\/nl\\\/#organization\",\"name\":\"H\u00f4tel Les Alpages - SITE OFFICIEL - H\u00f4tel*** Restaurant dans le Jura (39) \u00e0 Bonlieu\",\"alternateName\":\"Les Alpages, H\u00f4tel 3 \u00e9toiles restaurant \u00e0 Bonlieu dans le Jura\",\"url\":\"https:\\\/\\\/geneva-rootstocks.com\\\/nl\\\/\",\"logo\":{\"@type\":\"ImageObject\",\"inLanguage\":\"nl-NL\",\"@id\":\"https:\\\/\\\/geneva-rootstocks.com\\\/nl\\\/#\\\/schema\\\/logo\\\/image\\\/\",\"url\":\"\",\"contentUrl\":\"\",\"caption\":\"H\u00f4tel Les Alpages - SITE OFFICIEL - H\u00f4tel*** Restaurant dans le Jura (39) \u00e0 Bonlieu\"},\"image\":{\"@id\":\"https:\\\/\\\/geneva-rootstocks.com\\\/nl\\\/#\\\/schema\\\/logo\\\/image\\\/\"},\"sameAs\":[\"https:\\\/\\\/www.facebook.com\\\/Htel-Les-Alpages-102579714817700\",\"https:\\\/\\\/instagram.com\\\/hotel_les_alpages\"]}]}<\/script>\n<!-- \/ Yoast SEO plugin. -->","yoast_head_json":{"title":"Het Programma - Europa Fruit Tree Rootstocks","robots":{"index":"index","follow":"follow","max-snippet":"max-snippet:-1","max-image-preview":"max-image-preview:large","max-video-preview":"max-video-preview:-1"},"canonical":"https:\/\/geneva-rootstocks.com\/nl\/het-programma\/","og_locale":"nl_NL","og_type":"article","og_title":"Het Programma - Europa Fruit Tree Rootstocks","og_url":"https:\/\/geneva-rootstocks.com\/nl\/het-programma\/","og_site_name":"Europa Fruit Tree Rootstocks","article_publisher":"https:\/\/www.facebook.com\/Htel-Les-Alpages-102579714817700","article_modified_time":"2025-02-17T11:45:15+00:00","og_image":[{"width":2000,"height":788,"url":"https:\/\/geneva-rootstocks.com\/wp-content\/uploads\/2024\/10\/Slide-logo-EFTR.jpg","type":"image\/jpeg"}],"twitter_card":"summary_large_image","twitter_misc":{"Geschatte leestijd":"3 minuten"},"schema":{"@context":"https:\/\/schema.org","@graph":[{"@type":"WebPage","@id":"https:\/\/geneva-rootstocks.com\/nl\/het-programma\/","url":"https:\/\/geneva-rootstocks.com\/nl\/het-programma\/","name":"Het Programma - Europa Fruit Tree Rootstocks","isPartOf":{"@id":"https:\/\/geneva-rootstocks.com\/nl\/#website"},"datePublished":"2024-10-23T16:35:46+00:00","dateModified":"2025-02-17T11:45:15+00:00","breadcrumb":{"@id":"https:\/\/geneva-rootstocks.com\/nl\/het-programma\/#breadcrumb"},"inLanguage":"nl-NL","potentialAction":[{"@type":"ReadAction","target":["https:\/\/geneva-rootstocks.com\/nl\/het-programma\/"]}]},{"@type":"BreadcrumbList","@id":"https:\/\/geneva-rootstocks.com\/nl\/het-programma\/#breadcrumb","itemListElement":[{"@type":"ListItem","position":1,"name":"Accueil","item":"https:\/\/geneva-rootstocks.com\/nl\/"},{"@type":"ListItem","position":2,"name":"Het Programma"}]},{"@type":"WebSite","@id":"https:\/\/geneva-rootstocks.com\/nl\/#website","url":"https:\/\/geneva-rootstocks.com\/nl\/","name":"Europa Fruit Tree Rootstocks - \u00c9diteur europ\u00e9en des porte greffe Geneva\u00ae","description":"Europa Fruit Tree Rootstocks - \u00c9diteur europ\u00e9en des porte greffe Geneva\u00ae","publisher":{"@id":"https:\/\/geneva-rootstocks.com\/nl\/#organization"},"alternateName":"EFTR - Europa Fruit Tree Rootstocks","potentialAction":[{"@type":"SearchAction","target":{"@type":"EntryPoint","urlTemplate":"https:\/\/geneva-rootstocks.com\/nl\/?s={search_term_string}"},"query-input":{"@type":"PropertyValueSpecification","valueRequired":true,"valueName":"search_term_string"}}],"inLanguage":"nl-NL"},{"@type":"Organization","@id":"https:\/\/geneva-rootstocks.com\/nl\/#organization","name":"H\u00f4tel Les Alpages - SITE OFFICIEL - H\u00f4tel*** Restaurant dans le Jura (39) \u00e0 Bonlieu","alternateName":"Les Alpages, H\u00f4tel 3 \u00e9toiles restaurant \u00e0 Bonlieu dans le Jura","url":"https:\/\/geneva-rootstocks.com\/nl\/","logo":{"@type":"ImageObject","inLanguage":"nl-NL","@id":"https:\/\/geneva-rootstocks.com\/nl\/#\/schema\/logo\/image\/","url":"","contentUrl":"","caption":"H\u00f4tel Les Alpages - SITE OFFICIEL - H\u00f4tel*** Restaurant dans le Jura (39) \u00e0 Bonlieu"},"image":{"@id":"https:\/\/geneva-rootstocks.com\/nl\/#\/schema\/logo\/image\/"},"sameAs":["https:\/\/www.facebook.com\/Htel-Les-Alpages-102579714817700","https:\/\/instagram.com\/hotel_les_alpages"]}]}},"_links":{"self":[{"href":"https:\/\/geneva-rootstocks.com\/nl\/wp-json\/wp\/v2\/pages\/3454","targetHints":{"allow":["GET"]}}],"collection":[{"href":"https:\/\/geneva-rootstocks.com\/nl\/wp-json\/wp\/v2\/pages"}],"about":[{"href":"https:\/\/geneva-rootstocks.com\/nl\/wp-json\/wp\/v2\/types\/page"}],"author":[{"embeddable":true,"href":"https:\/\/geneva-rootstocks.com\/nl\/wp-json\/wp\/v2\/users\/1"}],"replies":[{"embeddable":true,"href":"https:\/\/geneva-rootstocks.com\/nl\/wp-json\/wp\/v2\/comments?post=3454"}],"version-history":[{"count":0,"href":"https:\/\/geneva-rootstocks.com\/nl\/wp-json\/wp\/v2\/pages\/3454\/revisions"}],"wp:attachment":[{"href":"https:\/\/geneva-rootstocks.com\/nl\/wp-json\/wp\/v2\/media?parent=3454"}],"curies":[{"name":"wp","href":"https:\/\/api.w.org\/{rel}","templated":true}]}}