{"id":3400,"date":"2024-12-06T12:12:41","date_gmt":"2024-12-06T11:12:41","guid":{"rendered":"https:\/\/geneva-rootstocks.com\/references\/"},"modified":"2025-02-12T14:30:23","modified_gmt":"2025-02-12T13:30:23","slug":"referenze","status":"publish","type":"page","link":"https:\/\/geneva-rootstocks.com\/it\/referenze\/","title":{"rendered":"Referenze"},"content":{"rendered":"<div id='av_section_1'  class='avia-section av-67pw5y-3e89ca76aa77a8704002d418ef76dd51 main_color avia-section-default avia-no-border-styling  avia-builder-el-0  el_before_av_section  avia-builder-el-first  avia-bg-style-scroll container_wrap fullsize'  ><div class='container av-section-cont-open' ><main  role=\"main\" itemprop=\"mainContentOfPage\"  class='template-page content  av-content-full alpha units'><div class='post-entry post-entry-type-page post-entry-3400'><div class='entry-content-wrapper clearfix'>\n<div  class='flex_column av-639s9y-2c15ce82f9bfc42b3a8057d14e836121 av_one_full  avia-builder-el-1  avia-builder-el-no-sibling  first flex_column_div  '     ><p>\n<style type=\"text\/css\" data-created_by=\"avia_inline_auto\" id=\"style-css-av-39gg46-0dd254515e65f269ad4e446f3303b531\">\n#top .av-special-heading.av-39gg46-0dd254515e65f269ad4e446f3303b531{\nmargin:0 0 0 0;\npadding-bottom:0;\nfont-size:42px;\n}\nbody .av-special-heading.av-39gg46-0dd254515e65f269ad4e446f3303b531 .av-special-heading-tag .heading-char{\nfont-size:25px;\n}\n#top #wrap_all .av-special-heading.av-39gg46-0dd254515e65f269ad4e446f3303b531 .av-special-heading-tag{\nfont-size:42px;\npadding:0 0 0 0;\n}\n.av-special-heading.av-39gg46-0dd254515e65f269ad4e446f3303b531 .av-subheading{\nfont-size:15px;\n}\n\n@media only screen and (min-width: 480px) and (max-width: 767px){ \n#top #wrap_all .av-special-heading.av-39gg46-0dd254515e65f269ad4e446f3303b531 .av-special-heading-tag{\nfont-size:0.8em;\n}\n}\n\n@media only screen and (max-width: 479px){ \n#top #wrap_all .av-special-heading.av-39gg46-0dd254515e65f269ad4e446f3303b531 .av-special-heading-tag{\nfont-size:0.8em;\n}\n}\n<\/style>\n<div  class='av-special-heading av-39gg46-0dd254515e65f269ad4e446f3303b531 av-special-heading-h1 blockquote modern-quote  avia-builder-el-2  el_before_av_hr  avia-builder-el-first  av-inherit-size'><h1 class='av-special-heading-tag '  itemprop=\"headline\"  >REFERENZE<\/h1><div class=\"special-heading-border\"><div class=\"special-heading-inner-border\"><\/div><\/div><\/div><br \/>\n\n<style type=\"text\/css\" data-created_by=\"avia_inline_auto\" id=\"style-css-av-6getli-7fe4247db2f09b2e5f68c3d3c0456299\">\n#top .hr.av-6getli-7fe4247db2f09b2e5f68c3d3c0456299{\nmargin-top:0;\nmargin-bottom:50px;\n}\n.hr.av-6getli-7fe4247db2f09b2e5f68c3d3c0456299 .hr-inner{\nwidth:300px;\nborder-color:#ee7300;\n}\n<\/style>\n<div  class='hr av-6getli-7fe4247db2f09b2e5f68c3d3c0456299 hr-custom  avia-builder-el-3  el_after_av_heading  el_before_av_iconlist  hr-left hr-icon-no'><span class='hr-inner inner-border-av-border-thin'><span class=\"hr-inner-style\"><\/span><\/span><\/div><br \/>\n\n<style type=\"text\/css\" data-created_by=\"avia_inline_auto\" id=\"style-css-av-m4cncpwa-4df9252ff9a2629f35fb207be0bd7b20\">\n#top .avia-icon-list-container.av-m4cncpwa-4df9252ff9a2629f35fb207be0bd7b20 .iconlist_icon{\nbackground-color:#a4400e;\n}\n#top #wrap_all .avia-icon-list-container.av-m4cncpwa-4df9252ff9a2629f35fb207be0bd7b20 .av_iconlist_title{\nfont-size:25px;\ncolor:#a4400e;\n}\n<\/style>\n<div  class='avia-icon-list-container av-m4cncpwa-4df9252ff9a2629f35fb207be0bd7b20  avia-builder-el-4  el_after_av_hr  avia-builder-el-last '><ul class='avia-icon-list avia_animate_when_almost_visible avia-icon-list-left av-iconlist-big av-m4cncpwa-4df9252ff9a2629f35fb207be0bd7b20 avia-iconlist-animate'>\n<li><div class='iconlist_icon av-m4cn1o18-17da1827e13d227d86f15c54e9a082d6 avia-font-entypo-fontello avia-iconfont avia-font-entypo-fontello'><span class='av-icon-char' data-av_icon='\ue832' data-av_iconfont='entypo-fontello' aria-hidden=\"true\"><\/span><\/div><article class=\"article-icon-entry \"  itemscope=\"itemscope\" itemtype=\"https:\/\/schema.org\/CreativeWork\" ><div class=\"iconlist_content_wrap\"><header class=\"entry-content-header\" aria-label=\"Icona: GENEVA\u00ae APPLE ROOTSTOCKS COMPARISON CHART v.4\"><h4 class='av_iconlist_title iconlist_title  av_inherit_color'  itemprop=\"headline\" >GENEVA\u00ae APPLE ROOTSTOCKS COMPARISON CHART v.4<\/h4><\/header><div class='iconlist_content '  itemprop=\"text\" ><div  class='avia-button-wrap av-1v368s-48c66c553c6956ada96ac49161c7dcce-wrap avia-button-left  avia-builder-el-5  el_before_av_button  avia-builder-el-first '>\n<style type=\"text\/css\" data-created_by=\"avia_inline_auto\" id=\"style-css-av-1v368s-48c66c553c6956ada96ac49161c7dcce\">\n#top #wrap_all .avia-button.av-1v368s-48c66c553c6956ada96ac49161c7dcce{\nfont-size:17px;\nbackground-color:#8ec235;\nborder-color:#8ec235;\ncolor:#ffffff;\ntransition:all 0.4s ease-in-out;\n}\n#top #wrap_all .avia-button.av-1v368s-48c66c553c6956ada96ac49161c7dcce .avia-svg-icon svg:first-child{\nfill:#ffffff;\nstroke:#ffffff;\n}\n<\/style>\n<a href='https:\/\/ctl.cornell.edu\/wp-content\/uploads\/plants\/GENEVA-Apple-Rootstocks-Comparison-Chart.pdf'  class='avia-button av-1v368s-48c66c553c6956ada96ac49161c7dcce av-link-btn avia-icon_select-yes-right-icon avia-size-medium avia-position-left'  target=\"_blank\"  rel=\"noopener noreferrer\"  aria-label=\"Download\"><span class='avia_iconbox_title' >Download<\/span><span class='avia_button_icon avia_button_icon_right avia-iconfont avia-font-entypo-fontello' data-av_icon='\ue82d' data-av_iconfont='entypo-fontello' ><\/span><\/a><\/div>\n<\/div><\/div><footer class=\"entry-footer\"><\/footer><\/article><div class=\"iconlist-timeline\"><\/div><\/li>\n<li><div class='iconlist_icon av-m4cn1o18-2-3f83bc6a3dbc02d9a69f77a0e0544531 avia-font-entypo-fontello avia-iconfont avia-font-entypo-fontello'><span class='av-icon-char' data-av_icon='\ue832' data-av_iconfont='entypo-fontello' aria-hidden=\"true\"><\/span><\/div><article class=\"article-icon-entry \"  itemscope=\"itemscope\" itemtype=\"https:\/\/schema.org\/CreativeWork\" ><div class=\"iconlist_content_wrap\"><header class=\"entry-content-header\" aria-label=\"Icona: TESTIMONIANZE DI UTENTI PORTINNESTI GENEVA\u00ae\"><h4 class='av_iconlist_title iconlist_title  av_inherit_color'  itemprop=\"headline\" >TESTIMONIANZE DI UTENTI PORTINNESTI GENEVA\u00ae<\/h4><\/header><div class='iconlist_content '  itemprop=\"text\" ><div  class='avia-button-wrap av-1v368s-1-5b722ef0733ef365335508034d93fa39-wrap avia-button-left  avia-builder-el-6  el_after_av_button  avia-builder-el-last '>\n<style type=\"text\/css\" data-created_by=\"avia_inline_auto\" id=\"style-css-av-1v368s-1-5b722ef0733ef365335508034d93fa39\">\n#top #wrap_all .avia-button.av-1v368s-1-5b722ef0733ef365335508034d93fa39{\nfont-size:17px;\nbackground-color:#8ec235;\nborder-color:#8ec235;\ncolor:#ffffff;\ntransition:all 0.4s ease-in-out;\n}\n#top #wrap_all .avia-button.av-1v368s-1-5b722ef0733ef365335508034d93fa39 .avia-svg-icon svg:first-child{\nfill:#ffffff;\nstroke:#ffffff;\n}\n<\/style>\n<a href='https:\/\/geneva-rootstocks.com\/it\/video\/'  class='avia-button av-1v368s-1-5b722ef0733ef365335508034d93fa39 av-link-btn avia-icon_select-yes-right-icon avia-size-medium avia-position-left'   aria-label=\"Vedere il video\"><span class='avia_iconbox_title' >Vedere il video<\/span><span class='avia_button_icon avia_button_icon_right avia-iconfont avia-font-entypo-fontello' data-av_icon='\uf16a' data-av_iconfont='entypo-fontello' ><\/span><\/a><\/div>\n<\/div><\/div><footer class=\"entry-footer\"><\/footer><\/article><div class=\"iconlist-timeline\"><\/div><\/li>\n<\/ul><\/div><\/p><\/div><\/div><\/div><\/main><!-- close content main element --><\/div><\/div>\n<style type=\"text\/css\" data-created_by=\"avia_inline_auto\" id=\"style-css-av-47x11l-96f9dcb69f1d1f26310f0d565a70223e\">\n.avia-section.av-47x11l-96f9dcb69f1d1f26310f0d565a70223e{\nmargin-top:0px;\nmargin-bottom:0px;\n}\n.avia-section.av-47x11l-96f9dcb69f1d1f26310f0d565a70223e .av-parallax .av-parallax-inner{\nbackground-repeat:no-repeat;\nbackground-image:url(https:\/\/geneva-rootstocks.com\/wp-content\/uploads\/2024\/12\/EFTR-References.jpg);\nbackground-position:50% 50%;\nbackground-attachment:scroll;\n}\n.avia-section.av-47x11l-96f9dcb69f1d1f26310f0d565a70223e .av-section-color-overlay{\nopacity:0.2;\nbackground-color:#000000;\n}\n<\/style>\n<div id='av_section_2'  class='avia-section av-47x11l-96f9dcb69f1d1f26310f0d565a70223e main_color avia-section-huge avia-no-border-styling  avia-builder-el-7  el_after_av_section  avia-builder-el-last  av-small-hide av-mini-hide avia-full-contain av-parallax-section avia-bg-style-parallax av-section-color-overlay-active container_wrap fullsize'  data-section-bg-repeat='contain'><div class='av-parallax' data-avia-parallax-ratio='0.3' ><div class='av-parallax-inner main_color avia-full-contain'><\/div><\/div><div class=\"av-section-color-overlay-wrap\"><div class=\"av-section-color-overlay\"><\/div><div class='container av-section-cont-open' ><div class='template-page content  av-content-full alpha units'><div class='post-entry post-entry-type-page post-entry-3400'><div class='entry-content-wrapper clearfix'>\n\n<style type=\"text\/css\" data-created_by=\"avia_inline_auto\" id=\"style-css-av-29i3bt-966f71b2b329f72e1af55ba633f1dfd7\">\n#top .av-special-heading.av-29i3bt-966f71b2b329f72e1af55ba633f1dfd7{\nmargin:0 0 0 0;\npadding-bottom:0;\ncolor:#ffffff;\nfont-size:50px;\n}\nbody .av-special-heading.av-29i3bt-966f71b2b329f72e1af55ba633f1dfd7 .av-special-heading-tag .heading-char{\nfont-size:25px;\n}\n#top #wrap_all .av-special-heading.av-29i3bt-966f71b2b329f72e1af55ba633f1dfd7 .av-special-heading-tag{\nfont-size:50px;\npadding:0 0 0 0;\n}\n.av-special-heading.av-29i3bt-966f71b2b329f72e1af55ba633f1dfd7 .special-heading-inner-border{\nborder-color:#ffffff;\n}\n.av-special-heading.av-29i3bt-966f71b2b329f72e1af55ba633f1dfd7 .av-subheading{\nfont-size:15px;\n}\n\n@media only screen and (min-width: 480px) and (max-width: 767px){ \n#top #wrap_all .av-special-heading.av-29i3bt-966f71b2b329f72e1af55ba633f1dfd7 .av-special-heading-tag{\nfont-size:0.8em;\n}\n}\n\n@media only screen and (max-width: 479px){ \n#top #wrap_all .av-special-heading.av-29i3bt-966f71b2b329f72e1af55ba633f1dfd7 .av-special-heading-tag{\nfont-size:0.8em;\n}\n}\n<\/style>\n<div  class='av-special-heading av-29i3bt-966f71b2b329f72e1af55ba633f1dfd7 av-special-heading-h2 custom-color-heading blockquote modern-quote modern-centered  avia-builder-el-8  avia-builder-el-no-sibling  av-inherit-size'><h2 class='av-special-heading-tag '  itemprop=\"headline\"  >EUROPA FRUIT TREE ROOTSTOCKS<\/h2><div class=\"special-heading-border\"><div class=\"special-heading-inner-border\"><\/div><\/div><\/div>\n<\/p>\n","protected":false},"excerpt":{"rendered":"","protected":false},"author":1,"featured_media":0,"parent":0,"menu_order":0,"comment_status":"closed","ping_status":"closed","template":"","meta":{"footnotes":""},"class_list":["post-3400","page","type-page","status-publish","hentry"],"yoast_head":"<!-- This site is optimized with the Yoast SEO plugin v27.4 - https:\/\/yoast.com\/product\/yoast-seo-wordpress\/ -->\n<title>Referenze - Europa Fruit Tree Rootstocks<\/title>\n<meta name=\"robots\" content=\"index, follow, max-snippet:-1, max-image-preview:large, max-video-preview:-1\" \/>\n<link rel=\"canonical\" href=\"https:\/\/geneva-rootstocks.com\/it\/referenze\/\" \/>\n<meta property=\"og:locale\" content=\"it_IT\" \/>\n<meta property=\"og:type\" content=\"article\" \/>\n<meta property=\"og:title\" content=\"Referenze - Europa Fruit Tree Rootstocks\" \/>\n<meta property=\"og:url\" content=\"https:\/\/geneva-rootstocks.com\/it\/referenze\/\" \/>\n<meta property=\"og:site_name\" content=\"Europa Fruit Tree Rootstocks\" \/>\n<meta property=\"article:publisher\" content=\"https:\/\/www.facebook.com\/Htel-Les-Alpages-102579714817700\" \/>\n<meta property=\"article:modified_time\" content=\"2025-02-12T13:30:23+00:00\" \/>\n<meta property=\"og:image\" content=\"https:\/\/geneva-rootstocks.com\/wp-content\/uploads\/2024\/10\/Slide-logo-EFTR.jpg\" \/>\n\t<meta property=\"og:image:width\" content=\"2000\" \/>\n\t<meta property=\"og:image:height\" content=\"788\" \/>\n\t<meta property=\"og:image:type\" content=\"image\/jpeg\" \/>\n<meta name=\"twitter:card\" content=\"summary_large_image\" \/>\n<meta name=\"twitter:label1\" content=\"Tempo di lettura stimato\" \/>\n\t<meta name=\"twitter:data1\" content=\"1 minuto\" \/>\n<script type=\"application\/ld+json\" class=\"yoast-schema-graph\">{\"@context\":\"https:\\\/\\\/schema.org\",\"@graph\":[{\"@type\":\"WebPage\",\"@id\":\"https:\\\/\\\/geneva-rootstocks.com\\\/it\\\/referenze\\\/\",\"url\":\"https:\\\/\\\/geneva-rootstocks.com\\\/it\\\/referenze\\\/\",\"name\":\"Referenze - Europa Fruit Tree Rootstocks\",\"isPartOf\":{\"@id\":\"https:\\\/\\\/geneva-rootstocks.com\\\/it\\\/#website\"},\"datePublished\":\"2024-12-06T11:12:41+00:00\",\"dateModified\":\"2025-02-12T13:30:23+00:00\",\"breadcrumb\":{\"@id\":\"https:\\\/\\\/geneva-rootstocks.com\\\/it\\\/referenze\\\/#breadcrumb\"},\"inLanguage\":\"it-IT\",\"potentialAction\":[{\"@type\":\"ReadAction\",\"target\":[\"https:\\\/\\\/geneva-rootstocks.com\\\/it\\\/referenze\\\/\"]}]},{\"@type\":\"BreadcrumbList\",\"@id\":\"https:\\\/\\\/geneva-rootstocks.com\\\/it\\\/referenze\\\/#breadcrumb\",\"itemListElement\":[{\"@type\":\"ListItem\",\"position\":1,\"name\":\"Accueil\",\"item\":\"https:\\\/\\\/geneva-rootstocks.com\\\/it\\\/\"},{\"@type\":\"ListItem\",\"position\":2,\"name\":\"Referenze\"}]},{\"@type\":\"WebSite\",\"@id\":\"https:\\\/\\\/geneva-rootstocks.com\\\/it\\\/#website\",\"url\":\"https:\\\/\\\/geneva-rootstocks.com\\\/it\\\/\",\"name\":\"Europa Fruit Tree Rootstocks - \u00c9diteur europ\u00e9en des porte greffe Geneva\u00ae\",\"description\":\"Europa Fruit Tree Rootstocks - \u00c9diteur europ\u00e9en des porte greffe Geneva\u00ae\",\"publisher\":{\"@id\":\"https:\\\/\\\/geneva-rootstocks.com\\\/it\\\/#organization\"},\"alternateName\":\"EFTR - Europa Fruit Tree Rootstocks\",\"potentialAction\":[{\"@type\":\"SearchAction\",\"target\":{\"@type\":\"EntryPoint\",\"urlTemplate\":\"https:\\\/\\\/geneva-rootstocks.com\\\/it\\\/?s={search_term_string}\"},\"query-input\":{\"@type\":\"PropertyValueSpecification\",\"valueRequired\":true,\"valueName\":\"search_term_string\"}}],\"inLanguage\":\"it-IT\"},{\"@type\":\"Organization\",\"@id\":\"https:\\\/\\\/geneva-rootstocks.com\\\/it\\\/#organization\",\"name\":\"H\u00f4tel Les Alpages - SITE OFFICIEL - H\u00f4tel*** Restaurant dans le Jura (39) \u00e0 Bonlieu\",\"alternateName\":\"Les Alpages, H\u00f4tel 3 \u00e9toiles restaurant \u00e0 Bonlieu dans le Jura\",\"url\":\"https:\\\/\\\/geneva-rootstocks.com\\\/it\\\/\",\"logo\":{\"@type\":\"ImageObject\",\"inLanguage\":\"it-IT\",\"@id\":\"https:\\\/\\\/geneva-rootstocks.com\\\/it\\\/#\\\/schema\\\/logo\\\/image\\\/\",\"url\":\"\",\"contentUrl\":\"\",\"caption\":\"H\u00f4tel Les Alpages - SITE OFFICIEL - H\u00f4tel*** Restaurant dans le Jura (39) \u00e0 Bonlieu\"},\"image\":{\"@id\":\"https:\\\/\\\/geneva-rootstocks.com\\\/it\\\/#\\\/schema\\\/logo\\\/image\\\/\"},\"sameAs\":[\"https:\\\/\\\/www.facebook.com\\\/Htel-Les-Alpages-102579714817700\",\"https:\\\/\\\/instagram.com\\\/hotel_les_alpages\"]}]}<\/script>\n<!-- \/ Yoast SEO plugin. -->","yoast_head_json":{"title":"Referenze - Europa Fruit Tree Rootstocks","robots":{"index":"index","follow":"follow","max-snippet":"max-snippet:-1","max-image-preview":"max-image-preview:large","max-video-preview":"max-video-preview:-1"},"canonical":"https:\/\/geneva-rootstocks.com\/it\/referenze\/","og_locale":"it_IT","og_type":"article","og_title":"Referenze - Europa Fruit Tree Rootstocks","og_url":"https:\/\/geneva-rootstocks.com\/it\/referenze\/","og_site_name":"Europa Fruit Tree Rootstocks","article_publisher":"https:\/\/www.facebook.com\/Htel-Les-Alpages-102579714817700","article_modified_time":"2025-02-12T13:30:23+00:00","og_image":[{"width":2000,"height":788,"url":"https:\/\/geneva-rootstocks.com\/wp-content\/uploads\/2024\/10\/Slide-logo-EFTR.jpg","type":"image\/jpeg"}],"twitter_card":"summary_large_image","twitter_misc":{"Tempo di lettura stimato":"1 minuto"},"schema":{"@context":"https:\/\/schema.org","@graph":[{"@type":"WebPage","@id":"https:\/\/geneva-rootstocks.com\/it\/referenze\/","url":"https:\/\/geneva-rootstocks.com\/it\/referenze\/","name":"Referenze - Europa Fruit Tree Rootstocks","isPartOf":{"@id":"https:\/\/geneva-rootstocks.com\/it\/#website"},"datePublished":"2024-12-06T11:12:41+00:00","dateModified":"2025-02-12T13:30:23+00:00","breadcrumb":{"@id":"https:\/\/geneva-rootstocks.com\/it\/referenze\/#breadcrumb"},"inLanguage":"it-IT","potentialAction":[{"@type":"ReadAction","target":["https:\/\/geneva-rootstocks.com\/it\/referenze\/"]}]},{"@type":"BreadcrumbList","@id":"https:\/\/geneva-rootstocks.com\/it\/referenze\/#breadcrumb","itemListElement":[{"@type":"ListItem","position":1,"name":"Accueil","item":"https:\/\/geneva-rootstocks.com\/it\/"},{"@type":"ListItem","position":2,"name":"Referenze"}]},{"@type":"WebSite","@id":"https:\/\/geneva-rootstocks.com\/it\/#website","url":"https:\/\/geneva-rootstocks.com\/it\/","name":"Europa Fruit Tree Rootstocks - \u00c9diteur europ\u00e9en des porte greffe Geneva\u00ae","description":"Europa Fruit Tree Rootstocks - \u00c9diteur europ\u00e9en des porte greffe Geneva\u00ae","publisher":{"@id":"https:\/\/geneva-rootstocks.com\/it\/#organization"},"alternateName":"EFTR - Europa Fruit Tree Rootstocks","potentialAction":[{"@type":"SearchAction","target":{"@type":"EntryPoint","urlTemplate":"https:\/\/geneva-rootstocks.com\/it\/?s={search_term_string}"},"query-input":{"@type":"PropertyValueSpecification","valueRequired":true,"valueName":"search_term_string"}}],"inLanguage":"it-IT"},{"@type":"Organization","@id":"https:\/\/geneva-rootstocks.com\/it\/#organization","name":"H\u00f4tel Les Alpages - SITE OFFICIEL - H\u00f4tel*** Restaurant dans le Jura (39) \u00e0 Bonlieu","alternateName":"Les Alpages, H\u00f4tel 3 \u00e9toiles restaurant \u00e0 Bonlieu dans le Jura","url":"https:\/\/geneva-rootstocks.com\/it\/","logo":{"@type":"ImageObject","inLanguage":"it-IT","@id":"https:\/\/geneva-rootstocks.com\/it\/#\/schema\/logo\/image\/","url":"","contentUrl":"","caption":"H\u00f4tel Les Alpages - SITE OFFICIEL - H\u00f4tel*** Restaurant dans le Jura (39) \u00e0 Bonlieu"},"image":{"@id":"https:\/\/geneva-rootstocks.com\/it\/#\/schema\/logo\/image\/"},"sameAs":["https:\/\/www.facebook.com\/Htel-Les-Alpages-102579714817700","https:\/\/instagram.com\/hotel_les_alpages"]}]}},"_links":{"self":[{"href":"https:\/\/geneva-rootstocks.com\/it\/wp-json\/wp\/v2\/pages\/3400","targetHints":{"allow":["GET"]}}],"collection":[{"href":"https:\/\/geneva-rootstocks.com\/it\/wp-json\/wp\/v2\/pages"}],"about":[{"href":"https:\/\/geneva-rootstocks.com\/it\/wp-json\/wp\/v2\/types\/page"}],"author":[{"embeddable":true,"href":"https:\/\/geneva-rootstocks.com\/it\/wp-json\/wp\/v2\/users\/1"}],"replies":[{"embeddable":true,"href":"https:\/\/geneva-rootstocks.com\/it\/wp-json\/wp\/v2\/comments?post=3400"}],"version-history":[{"count":0,"href":"https:\/\/geneva-rootstocks.com\/it\/wp-json\/wp\/v2\/pages\/3400\/revisions"}],"wp:attachment":[{"href":"https:\/\/geneva-rootstocks.com\/it\/wp-json\/wp\/v2\/media?parent=3400"}],"curies":[{"name":"wp","href":"https:\/\/api.w.org\/{rel}","templated":true}]}}