{"id":3360,"date":"2022-05-03T17:21:17","date_gmt":"2022-05-03T15:21:17","guid":{"rendered":"https:\/\/geneva-rootstocks.com\/mentions-legales-europa-fruit-tree-rootstocks\/"},"modified":"2025-02-12T12:58:53","modified_gmt":"2025-02-12T11:58:53","slug":"mentions-legales","status":"publish","type":"page","link":"https:\/\/geneva-rootstocks.com\/it\/mentions-legales\/","title":{"rendered":"Avviso legale e politica sulla privacy"},"content":{"rendered":"<div  class='flex_column av-6m586-719c812d26d8e9a05f086a91550085cd av_one_full  avia-builder-el-0  avia-builder-el-no-sibling  first flex_column_div  '     ><p>\n<style type=\"text\/css\" data-created_by=\"avia_inline_auto\" id=\"style-css-av-l2ovw2yd-38e87814627b883ca8b268d791268d2f\">\n#top .av-special-heading.av-l2ovw2yd-38e87814627b883ca8b268d791268d2f{\npadding-bottom:10px;\n}\nbody .av-special-heading.av-l2ovw2yd-38e87814627b883ca8b268d791268d2f .av-special-heading-tag .heading-char{\nfont-size:25px;\n}\n.av-special-heading.av-l2ovw2yd-38e87814627b883ca8b268d791268d2f .av-subheading{\nfont-size:15px;\n}\n<\/style>\n<div  class='av-special-heading av-l2ovw2yd-38e87814627b883ca8b268d791268d2f av-special-heading-h1 blockquote modern-quote  avia-builder-el-1  el_before_av_textblock  avia-builder-el-first '><h1 class='av-special-heading-tag '  itemprop=\"headline\"  >Avviso legale e politica sulla privacy<\/h1><div class=\"special-heading-border\"><div class=\"special-heading-inner-border\"><\/div><\/div><\/div><br \/>\n<section  class='av_textblock_section av-l2qb8s2l-930ad77e5544425ffab67bd4bb332424 '   itemscope=\"itemscope\" itemtype=\"https:\/\/schema.org\/CreativeWork\" ><div class='avia_textblock'  itemprop=\"text\" ><p><strong>Editeur : EUROPA FRUIT TREE ROOT-STOCKS<\/strong><br \/>\nSARL au capital de 8 000 \u20ac &#8211; Siret : 79061566000012 &#8211; RCS : Bergerac B 790 615 660 &#8211; APE : 7740Z<br \/>\nAdresse : Route de Bordeaux &#8211; 24100 Saint-Laurent des Vignes &#8211; France<br \/>\nT\u00e9l. 05 53 23 50 08 &#8211; Email : <a href=\"mailto:eftr@geneva-rootstock.com\">eftr@geneva-rootstock.com<\/a> &#8211; Web : <a href=\"https:\/\/geneva-rootstocks.com\/it\/\" target=\"_blank\" rel=\"noopener\">https:\/\/geneva-rootstock.com<\/a><\/p>\n<p><strong>Responsable de la publication : Jean CHAMPEIX<\/strong><\/p>\n<p><strong>R\u00e9alisation et h\u00e9bergement du site internet : INTERNET DORDOGNE<\/strong><br \/>\nAdresse : 22 rue du Coteau &#8211; 24000 P\u00e9rigueux &#8211; France<br \/>\nT\u00e9l\u00e9phone : 07 69 42 48 45 &#8211; Email : <a href=\"mailto:contact@internet-dordogne.com\">contact@internet-dordogne.com<\/a> &#8211; Web : <a href=\"https:\/\/internet-dordogne.com\">https:\/\/internet-dordogne.com<\/a><\/p>\n<p><strong>\u00a9 Photos : Europa Fruit Tree Root-Stocks et DR<\/strong><\/p>\n<p><strong>Politique de confidentialit\u00e9<\/strong><br \/>\nEuropa Fruit Tree Root-Stocks recueille sur ce site des donn\u00e9es personnelles d\u2019internautes l\u2019ayant contact\u00e9, via notamment le formulaire. Dans le cadre de la fourniture de ses services, Europa Fruit Tree Root-Stocks ne traite que les donn\u00e9es personnelles suivantes : nom et adresse email. La finalit\u00e9 de traitement de ces donn\u00e9es personnelles est de permettre \u00e0 Europa Fruit Tree Root-Stocks de r\u00e9pondre aux demandes des internautes.<br \/>\nLes donn\u00e9es personnelles collect\u00e9es sur ce site ne sont trait\u00e9es que par les membres de Internet Dordogne. Elles ne seront vendues, \u00e9chang\u00e9es ou c\u00e9d\u00e9es \u00e0 aucune autre entreprise ou entit\u00e9 ext\u00e9rieure. Europa Fruit Tree Root-Stocks garantit la confidentialit\u00e9 des donn\u00e9es personnelles trait\u00e9es.<br \/>\nLes donn\u00e9es personnelles sont stock\u00e9es en grande majorit\u00e9 sur des serveurs d\u2019h\u00e9bergement situ\u00e9s dans l\u2019Union Europ\u00e9enne.<br \/>\nEuropa Fruit Tree Root-Stocks s\u2019engage \u00e0 conserver ces donn\u00e9es personnelles, sauf obligation l\u00e9gale ou r\u00e9glementaire contraire, pour une dur\u00e9e maximale de trois ans \u00e0 compter du dernier contact avec l\u2019internaute.<br \/>\nA l\u2019issue de cette dur\u00e9e ou en cas d\u2019exercice de leurs droits par les internautes, Europa Fruit Tree Root-Stocks s\u2019engage \u00e0 d\u00e9truire les donn\u00e9es personnelles des internautes qu\u2019elle d\u00e9tiendrait.<br \/>\nEuropa Fruit Tree Root-Stocks s\u2019engage, au titre de son obligation de moyens, \u00e0 prendre toutes les pr\u00e9cautions utiles et \u00e0 mettre en \u0153uvre les mesures techniques et organisationnelles appropri\u00e9es pour garantir un niveau de s\u00e9curit\u00e9 adapt\u00e9 pour prot\u00e9ger les donn\u00e9es personnelles des internautes.<\/p>\n<p><strong>Suppression ou modification des donn\u00e9es personnelles<\/strong><br \/>\nLes internautes ont la possibilit\u00e9 d\u2019exercer leurs droits d\u2019acc\u00e8s, de rectification, d\u2019effacement, d\u2019opposition, de limitation du traitement, de portabilit\u00e9 de leurs donn\u00e9es personnelles, droit de ne pas faire l\u2019objet d\u2019une d\u00e9cision individuelle automatis\u00e9e et droit de r\u00e9vocation de leur consentement, concernant les donn\u00e9es personnelles qu\u2019ils fournissent.<br \/>\nPour exercer l\u2019un de ces droits, il convient d\u2019adresser une demande par email \u00e0 <a href=\"mailto:eftr@geneva-rootstock.com\">eftr@geneva-rootstock.com<\/a><\/p>\n<p><strong>Cookies (traceurs)<\/strong><br \/>\nLa navigation sur ce site internet est susceptible d\u2019entrainer l\u2019installation de cookies sur l\u2019ordinateur de l\u2019utilisateur.<br \/>\nLes donn\u00e9es obtenues par le biais de ces cookies visent notamment \u00e0 faciliter la navigation sur ce site.<br \/>\nL\u2019utilisateur du site a la possibilit\u00e9 de d\u00e9sactiver les cookies en se rendant dans les options de son navigateur web.<\/p>\n<p><strong>Statistiques<\/strong><br \/>\nEuropa Fruit Tree Root-Stocks utilise l\u2019outil statistique de fr\u00e9quentation Google Analytics qui installe des cookies pour collecter des donn\u00e9es. Afin de se conformer \u00e0 la nouvelle r\u00e9glementation, Google a inclus une modification au traitement des donn\u00e9es que les internautes peuvent consulter sur son site. Europa Fruit Tree Root-Stocks s\u2019engage \u00e0 traiter anonymement les donn\u00e9es collect\u00e9es et \u00e0 d\u00e9sactiver le partage de donn\u00e9es.<\/p>\n<p><strong>Responsabilit\u00e9<\/strong><br \/>\nEuropa Fruit Tree Root-Stocks d\u00e9cline toute responsabilit\u00e9 quant aux \u00e9ventuels dysfonctionnements pouvant survenir sur ce site et entra\u00eener une perte de donn\u00e9es ou une indisponibilit\u00e9 de l\u2019acc\u00e8s aux informations produites sur celui-ci. L\u2019internaute est seul responsable de l\u2019utilisation qu\u2019il fait du contenu de ce site.<\/p>\n<\/div><\/section><\/p><\/div>\n","protected":false},"excerpt":{"rendered":"","protected":false},"author":1,"featured_media":0,"parent":0,"menu_order":0,"comment_status":"closed","ping_status":"closed","template":"","meta":{"footnotes":""},"class_list":["post-3360","page","type-page","status-publish","hentry"],"yoast_head":"<!-- This site is optimized with the Yoast SEO plugin v27.4 - https:\/\/yoast.com\/product\/yoast-seo-wordpress\/ -->\n<title>Avviso legale e politica sulla privacy - Europa Fruit Tree Rootstocks<\/title>\n<meta name=\"robots\" content=\"index, follow, max-snippet:-1, max-image-preview:large, max-video-preview:-1\" \/>\n<link rel=\"canonical\" href=\"https:\/\/geneva-rootstocks.com\/it\/mentions-legales\/\" \/>\n<meta property=\"og:locale\" content=\"it_IT\" \/>\n<meta property=\"og:type\" content=\"article\" \/>\n<meta property=\"og:title\" content=\"Avviso legale e politica sulla privacy - Europa Fruit Tree Rootstocks\" \/>\n<meta property=\"og:url\" content=\"https:\/\/geneva-rootstocks.com\/it\/mentions-legales\/\" \/>\n<meta property=\"og:site_name\" content=\"Europa Fruit Tree Rootstocks\" \/>\n<meta property=\"article:publisher\" content=\"https:\/\/www.facebook.com\/Htel-Les-Alpages-102579714817700\" \/>\n<meta property=\"article:modified_time\" content=\"2025-02-12T11:58:53+00:00\" \/>\n<meta property=\"og:image\" content=\"https:\/\/geneva-rootstocks.com\/wp-content\/uploads\/2024\/10\/Slide-logo-EFTR.jpg\" \/>\n\t<meta property=\"og:image:width\" content=\"2000\" \/>\n\t<meta property=\"og:image:height\" content=\"788\" \/>\n\t<meta property=\"og:image:type\" content=\"image\/jpeg\" \/>\n<meta name=\"twitter:card\" content=\"summary_large_image\" \/>\n<meta name=\"twitter:label1\" content=\"Tempo di lettura stimato\" \/>\n\t<meta name=\"twitter:data1\" content=\"3 minuti\" \/>\n<script type=\"application\/ld+json\" class=\"yoast-schema-graph\">{\"@context\":\"https:\\\/\\\/schema.org\",\"@graph\":[{\"@type\":\"WebPage\",\"@id\":\"https:\\\/\\\/geneva-rootstocks.com\\\/it\\\/mentions-legales\\\/\",\"url\":\"https:\\\/\\\/geneva-rootstocks.com\\\/it\\\/mentions-legales\\\/\",\"name\":\"Avviso legale e politica sulla privacy - Europa Fruit Tree Rootstocks\",\"isPartOf\":{\"@id\":\"https:\\\/\\\/geneva-rootstocks.com\\\/it\\\/#website\"},\"datePublished\":\"2022-05-03T15:21:17+00:00\",\"dateModified\":\"2025-02-12T11:58:53+00:00\",\"breadcrumb\":{\"@id\":\"https:\\\/\\\/geneva-rootstocks.com\\\/it\\\/mentions-legales\\\/#breadcrumb\"},\"inLanguage\":\"it-IT\",\"potentialAction\":[{\"@type\":\"ReadAction\",\"target\":[\"https:\\\/\\\/geneva-rootstocks.com\\\/it\\\/mentions-legales\\\/\"]}]},{\"@type\":\"BreadcrumbList\",\"@id\":\"https:\\\/\\\/geneva-rootstocks.com\\\/it\\\/mentions-legales\\\/#breadcrumb\",\"itemListElement\":[{\"@type\":\"ListItem\",\"position\":1,\"name\":\"Accueil\",\"item\":\"https:\\\/\\\/geneva-rootstocks.com\\\/it\\\/\"},{\"@type\":\"ListItem\",\"position\":2,\"name\":\"Avviso legale e politica sulla privacy\"}]},{\"@type\":\"WebSite\",\"@id\":\"https:\\\/\\\/geneva-rootstocks.com\\\/it\\\/#website\",\"url\":\"https:\\\/\\\/geneva-rootstocks.com\\\/it\\\/\",\"name\":\"Europa Fruit Tree Rootstocks - \u00c9diteur europ\u00e9en des porte greffe Geneva\u00ae\",\"description\":\"Europa Fruit Tree Rootstocks - \u00c9diteur europ\u00e9en des porte greffe Geneva\u00ae\",\"publisher\":{\"@id\":\"https:\\\/\\\/geneva-rootstocks.com\\\/it\\\/#organization\"},\"alternateName\":\"EFTR - Europa Fruit Tree Rootstocks\",\"potentialAction\":[{\"@type\":\"SearchAction\",\"target\":{\"@type\":\"EntryPoint\",\"urlTemplate\":\"https:\\\/\\\/geneva-rootstocks.com\\\/it\\\/?s={search_term_string}\"},\"query-input\":{\"@type\":\"PropertyValueSpecification\",\"valueRequired\":true,\"valueName\":\"search_term_string\"}}],\"inLanguage\":\"it-IT\"},{\"@type\":\"Organization\",\"@id\":\"https:\\\/\\\/geneva-rootstocks.com\\\/it\\\/#organization\",\"name\":\"H\u00f4tel Les Alpages - SITE OFFICIEL - H\u00f4tel*** Restaurant dans le Jura (39) \u00e0 Bonlieu\",\"alternateName\":\"Les Alpages, H\u00f4tel 3 \u00e9toiles restaurant \u00e0 Bonlieu dans le Jura\",\"url\":\"https:\\\/\\\/geneva-rootstocks.com\\\/it\\\/\",\"logo\":{\"@type\":\"ImageObject\",\"inLanguage\":\"it-IT\",\"@id\":\"https:\\\/\\\/geneva-rootstocks.com\\\/it\\\/#\\\/schema\\\/logo\\\/image\\\/\",\"url\":\"\",\"contentUrl\":\"\",\"caption\":\"H\u00f4tel Les Alpages - SITE OFFICIEL - H\u00f4tel*** Restaurant dans le Jura (39) \u00e0 Bonlieu\"},\"image\":{\"@id\":\"https:\\\/\\\/geneva-rootstocks.com\\\/it\\\/#\\\/schema\\\/logo\\\/image\\\/\"},\"sameAs\":[\"https:\\\/\\\/www.facebook.com\\\/Htel-Les-Alpages-102579714817700\",\"https:\\\/\\\/instagram.com\\\/hotel_les_alpages\"]}]}<\/script>\n<!-- \/ Yoast SEO plugin. -->","yoast_head_json":{"title":"Avviso legale e politica sulla privacy - Europa Fruit Tree Rootstocks","robots":{"index":"index","follow":"follow","max-snippet":"max-snippet:-1","max-image-preview":"max-image-preview:large","max-video-preview":"max-video-preview:-1"},"canonical":"https:\/\/geneva-rootstocks.com\/it\/mentions-legales\/","og_locale":"it_IT","og_type":"article","og_title":"Avviso legale e politica sulla privacy - Europa Fruit Tree Rootstocks","og_url":"https:\/\/geneva-rootstocks.com\/it\/mentions-legales\/","og_site_name":"Europa Fruit Tree Rootstocks","article_publisher":"https:\/\/www.facebook.com\/Htel-Les-Alpages-102579714817700","article_modified_time":"2025-02-12T11:58:53+00:00","og_image":[{"width":2000,"height":788,"url":"https:\/\/geneva-rootstocks.com\/wp-content\/uploads\/2024\/10\/Slide-logo-EFTR.jpg","type":"image\/jpeg"}],"twitter_card":"summary_large_image","twitter_misc":{"Tempo di lettura stimato":"3 minuti"},"schema":{"@context":"https:\/\/schema.org","@graph":[{"@type":"WebPage","@id":"https:\/\/geneva-rootstocks.com\/it\/mentions-legales\/","url":"https:\/\/geneva-rootstocks.com\/it\/mentions-legales\/","name":"Avviso legale e politica sulla privacy - Europa Fruit Tree Rootstocks","isPartOf":{"@id":"https:\/\/geneva-rootstocks.com\/it\/#website"},"datePublished":"2022-05-03T15:21:17+00:00","dateModified":"2025-02-12T11:58:53+00:00","breadcrumb":{"@id":"https:\/\/geneva-rootstocks.com\/it\/mentions-legales\/#breadcrumb"},"inLanguage":"it-IT","potentialAction":[{"@type":"ReadAction","target":["https:\/\/geneva-rootstocks.com\/it\/mentions-legales\/"]}]},{"@type":"BreadcrumbList","@id":"https:\/\/geneva-rootstocks.com\/it\/mentions-legales\/#breadcrumb","itemListElement":[{"@type":"ListItem","position":1,"name":"Accueil","item":"https:\/\/geneva-rootstocks.com\/it\/"},{"@type":"ListItem","position":2,"name":"Avviso legale e politica sulla privacy"}]},{"@type":"WebSite","@id":"https:\/\/geneva-rootstocks.com\/it\/#website","url":"https:\/\/geneva-rootstocks.com\/it\/","name":"Europa Fruit Tree Rootstocks - \u00c9diteur europ\u00e9en des porte greffe Geneva\u00ae","description":"Europa Fruit Tree Rootstocks - \u00c9diteur europ\u00e9en des porte greffe Geneva\u00ae","publisher":{"@id":"https:\/\/geneva-rootstocks.com\/it\/#organization"},"alternateName":"EFTR - Europa Fruit Tree Rootstocks","potentialAction":[{"@type":"SearchAction","target":{"@type":"EntryPoint","urlTemplate":"https:\/\/geneva-rootstocks.com\/it\/?s={search_term_string}"},"query-input":{"@type":"PropertyValueSpecification","valueRequired":true,"valueName":"search_term_string"}}],"inLanguage":"it-IT"},{"@type":"Organization","@id":"https:\/\/geneva-rootstocks.com\/it\/#organization","name":"H\u00f4tel Les Alpages - SITE OFFICIEL - H\u00f4tel*** Restaurant dans le Jura (39) \u00e0 Bonlieu","alternateName":"Les Alpages, H\u00f4tel 3 \u00e9toiles restaurant \u00e0 Bonlieu dans le Jura","url":"https:\/\/geneva-rootstocks.com\/it\/","logo":{"@type":"ImageObject","inLanguage":"it-IT","@id":"https:\/\/geneva-rootstocks.com\/it\/#\/schema\/logo\/image\/","url":"","contentUrl":"","caption":"H\u00f4tel Les Alpages - SITE OFFICIEL - H\u00f4tel*** Restaurant dans le Jura (39) \u00e0 Bonlieu"},"image":{"@id":"https:\/\/geneva-rootstocks.com\/it\/#\/schema\/logo\/image\/"},"sameAs":["https:\/\/www.facebook.com\/Htel-Les-Alpages-102579714817700","https:\/\/instagram.com\/hotel_les_alpages"]}]}},"_links":{"self":[{"href":"https:\/\/geneva-rootstocks.com\/it\/wp-json\/wp\/v2\/pages\/3360","targetHints":{"allow":["GET"]}}],"collection":[{"href":"https:\/\/geneva-rootstocks.com\/it\/wp-json\/wp\/v2\/pages"}],"about":[{"href":"https:\/\/geneva-rootstocks.com\/it\/wp-json\/wp\/v2\/types\/page"}],"author":[{"embeddable":true,"href":"https:\/\/geneva-rootstocks.com\/it\/wp-json\/wp\/v2\/users\/1"}],"replies":[{"embeddable":true,"href":"https:\/\/geneva-rootstocks.com\/it\/wp-json\/wp\/v2\/comments?post=3360"}],"version-history":[{"count":0,"href":"https:\/\/geneva-rootstocks.com\/it\/wp-json\/wp\/v2\/pages\/3360\/revisions"}],"wp:attachment":[{"href":"https:\/\/geneva-rootstocks.com\/it\/wp-json\/wp\/v2\/media?parent=3360"}],"curies":[{"name":"wp","href":"https:\/\/api.w.org\/{rel}","templated":true}]}}