{"id":3547,"date":"2025-01-24T14:42:05","date_gmt":"2025-01-24T13:42:05","guid":{"rendered":"https:\/\/geneva-rootstocks.com\/video\/"},"modified":"2025-03-03T11:56:36","modified_gmt":"2025-03-03T10:56:36","slug":"video","status":"publish","type":"page","link":"https:\/\/geneva-rootstocks.com\/es\/video\/","title":{"rendered":"V\u00eddeo"},"content":{"rendered":"<div id='av_section_1'  class='avia-section av-67pw5y-3e89ca76aa77a8704002d418ef76dd51 main_color avia-section-default avia-no-border-styling  avia-builder-el-0  avia-builder-el-no-sibling  avia-bg-style-scroll container_wrap fullsize'  ><div class='container av-section-cont-open' ><main  role=\"main\" itemprop=\"mainContentOfPage\"  class='template-page content  av-content-full alpha units'><div class='post-entry post-entry-type-page post-entry-3547'><div class='entry-content-wrapper clearfix'>\n<div  class='flex_column av-639s9y-2c15ce82f9bfc42b3a8057d14e836121 av_one_full  avia-builder-el-1  avia-builder-el-no-sibling  first flex_column_div  '     ><p>\n<style type=\"text\/css\" data-created_by=\"avia_inline_auto\" id=\"style-css-av-39gg46-1d5247c59b6a6e07f9de35e062c2e509\">\n#top .av-special-heading.av-39gg46-1d5247c59b6a6e07f9de35e062c2e509{\nmargin:0 0 0 0;\npadding-bottom:0;\nfont-size:42px;\n}\nbody .av-special-heading.av-39gg46-1d5247c59b6a6e07f9de35e062c2e509 .av-special-heading-tag .heading-char{\nfont-size:25px;\n}\n#top #wrap_all .av-special-heading.av-39gg46-1d5247c59b6a6e07f9de35e062c2e509 .av-special-heading-tag{\nfont-size:42px;\npadding:0 0 0 0;\n}\n.av-special-heading.av-39gg46-1d5247c59b6a6e07f9de35e062c2e509 .av-subheading{\nfont-size:22px;\n}\n\n@media only screen and (min-width: 480px) and (max-width: 767px){ \n#top #wrap_all .av-special-heading.av-39gg46-1d5247c59b6a6e07f9de35e062c2e509 .av-special-heading-tag{\nfont-size:0.8em;\n}\n}\n\n@media only screen and (max-width: 479px){ \n#top #wrap_all .av-special-heading.av-39gg46-1d5247c59b6a6e07f9de35e062c2e509 .av-special-heading-tag{\nfont-size:0.8em;\n}\n}\n<\/style>\n<div  class='av-special-heading av-39gg46-1d5247c59b6a6e07f9de35e062c2e509 av-special-heading-h1 blockquote modern-quote  avia-builder-el-2  el_before_av_hr  avia-builder-el-first  av-inherit-size'><h1 class='av-special-heading-tag '  itemprop=\"headline\"  >V\u00cdDEO<\/h1><div class='av-subheading av-subheading_below'><p><em>Testimonios de usuarios de los portainjertos Geneva\u00ae<\/em><\/p>\n<\/div><div class=\"special-heading-border\"><div class=\"special-heading-inner-border\"><\/div><\/div><\/div><br \/>\n\n<style type=\"text\/css\" data-created_by=\"avia_inline_auto\" id=\"style-css-av-6getli-7fe4247db2f09b2e5f68c3d3c0456299\">\n#top .hr.av-6getli-7fe4247db2f09b2e5f68c3d3c0456299{\nmargin-top:0;\nmargin-bottom:50px;\n}\n.hr.av-6getli-7fe4247db2f09b2e5f68c3d3c0456299 .hr-inner{\nwidth:300px;\nborder-color:#ee7300;\n}\n<\/style>\n<div  class='hr av-6getli-7fe4247db2f09b2e5f68c3d3c0456299 hr-custom  avia-builder-el-3  el_after_av_heading  el_before_av_video  hr-left hr-icon-no'><span class='hr-inner inner-border-av-border-thin'><span class=\"hr-inner-style\"><\/span><\/span><\/div><br \/>\n<div  class='avia-video av-m6at9icx-705365114bf2681e3051120a711273b5 avia-video-16-9 av-no-preview-image avia-video-load-always av-lazyload-immediate av-lazyload-video-embed'  itemprop=\"video\" itemtype=\"https:\/\/schema.org\/VideoObject\"  data-original_url='https:\/\/youtu.be\/DtqkVZidCHY'><script type='text\/html' class='av-video-tmpl'><div class='avia-iframe-wrap'><iframe loading=\"lazy\" title=\"Projet Geneva\" width=\"1500\" height=\"844\" src=\"https:\/\/www.youtube.com\/embed\/DtqkVZidCHY?feature=oembed&autoplay=1&loop=0&controls=1&mute=1\" frameborder=\"0\" allow=\"accelerometer; autoplay; clipboard-write; encrypted-media; gyroscope; picture-in-picture; web-share\" referrerpolicy=\"strict-origin-when-cross-origin\" allowfullscreen><\/iframe><\/div><\/script><div class='av-click-to-play-overlay'><div class=\"avia_playpause_icon\"><\/div><\/div><\/div><\/p><\/div>\n","protected":false},"excerpt":{"rendered":"","protected":false},"author":1,"featured_media":0,"parent":0,"menu_order":0,"comment_status":"closed","ping_status":"closed","template":"","meta":{"footnotes":""},"class_list":["post-3547","page","type-page","status-publish","hentry"],"yoast_head":"<!-- This site is optimized with the Yoast SEO plugin v27.4 - https:\/\/yoast.com\/product\/yoast-seo-wordpress\/ -->\n<title>V\u00eddeo - Europa Fruit Tree Rootstocks<\/title>\n<meta name=\"robots\" content=\"index, follow, max-snippet:-1, max-image-preview:large, max-video-preview:-1\" \/>\n<link rel=\"canonical\" href=\"https:\/\/geneva-rootstocks.com\/es\/video\/\" \/>\n<meta property=\"og:locale\" content=\"es_ES\" \/>\n<meta property=\"og:type\" content=\"article\" \/>\n<meta property=\"og:title\" content=\"V\u00eddeo - Europa Fruit Tree Rootstocks\" \/>\n<meta property=\"og:url\" content=\"https:\/\/geneva-rootstocks.com\/es\/video\/\" \/>\n<meta property=\"og:site_name\" content=\"Europa Fruit Tree Rootstocks\" \/>\n<meta property=\"article:publisher\" content=\"https:\/\/www.facebook.com\/Htel-Les-Alpages-102579714817700\" \/>\n<meta property=\"article:modified_time\" content=\"2025-03-03T10:56:36+00:00\" \/>\n<meta property=\"og:image\" content=\"https:\/\/geneva-rootstocks.com\/wp-content\/uploads\/2024\/10\/Slide-logo-EFTR.jpg\" \/>\n\t<meta property=\"og:image:width\" content=\"2000\" \/>\n\t<meta property=\"og:image:height\" content=\"788\" \/>\n\t<meta property=\"og:image:type\" content=\"image\/jpeg\" \/>\n<meta name=\"twitter:card\" content=\"summary_large_image\" \/>\n<meta name=\"twitter:label1\" content=\"Tiempo de lectura\" \/>\n\t<meta name=\"twitter:data1\" content=\"1 minuto\" \/>\n<script type=\"application\/ld+json\" class=\"yoast-schema-graph\">{\"@context\":\"https:\\\/\\\/schema.org\",\"@graph\":[{\"@type\":\"WebPage\",\"@id\":\"https:\\\/\\\/geneva-rootstocks.com\\\/es\\\/video\\\/\",\"url\":\"https:\\\/\\\/geneva-rootstocks.com\\\/es\\\/video\\\/\",\"name\":\"V\u00eddeo - Europa Fruit Tree Rootstocks\",\"isPartOf\":{\"@id\":\"https:\\\/\\\/geneva-rootstocks.com\\\/es\\\/#website\"},\"datePublished\":\"2025-01-24T13:42:05+00:00\",\"dateModified\":\"2025-03-03T10:56:36+00:00\",\"breadcrumb\":{\"@id\":\"https:\\\/\\\/geneva-rootstocks.com\\\/es\\\/video\\\/#breadcrumb\"},\"inLanguage\":\"es\",\"potentialAction\":[{\"@type\":\"ReadAction\",\"target\":[\"https:\\\/\\\/geneva-rootstocks.com\\\/es\\\/video\\\/\"]}]},{\"@type\":\"BreadcrumbList\",\"@id\":\"https:\\\/\\\/geneva-rootstocks.com\\\/es\\\/video\\\/#breadcrumb\",\"itemListElement\":[{\"@type\":\"ListItem\",\"position\":1,\"name\":\"Accueil\",\"item\":\"https:\\\/\\\/geneva-rootstocks.com\\\/es\\\/\"},{\"@type\":\"ListItem\",\"position\":2,\"name\":\"V\u00eddeo\"}]},{\"@type\":\"WebSite\",\"@id\":\"https:\\\/\\\/geneva-rootstocks.com\\\/es\\\/#website\",\"url\":\"https:\\\/\\\/geneva-rootstocks.com\\\/es\\\/\",\"name\":\"Europa Fruit Tree Rootstocks - \u00c9diteur europ\u00e9en des porte greffe Geneva\u00ae\",\"description\":\"Europa Fruit Tree Rootstocks - \u00c9diteur europ\u00e9en des porte greffe Geneva\u00ae\",\"publisher\":{\"@id\":\"https:\\\/\\\/geneva-rootstocks.com\\\/es\\\/#organization\"},\"alternateName\":\"EFTR - Europa Fruit Tree Rootstocks\",\"potentialAction\":[{\"@type\":\"SearchAction\",\"target\":{\"@type\":\"EntryPoint\",\"urlTemplate\":\"https:\\\/\\\/geneva-rootstocks.com\\\/es\\\/?s={search_term_string}\"},\"query-input\":{\"@type\":\"PropertyValueSpecification\",\"valueRequired\":true,\"valueName\":\"search_term_string\"}}],\"inLanguage\":\"es\"},{\"@type\":\"Organization\",\"@id\":\"https:\\\/\\\/geneva-rootstocks.com\\\/es\\\/#organization\",\"name\":\"H\u00f4tel Les Alpages - SITE OFFICIEL - H\u00f4tel*** Restaurant dans le Jura (39) \u00e0 Bonlieu\",\"alternateName\":\"Les Alpages, H\u00f4tel 3 \u00e9toiles restaurant \u00e0 Bonlieu dans le Jura\",\"url\":\"https:\\\/\\\/geneva-rootstocks.com\\\/es\\\/\",\"logo\":{\"@type\":\"ImageObject\",\"inLanguage\":\"es\",\"@id\":\"https:\\\/\\\/geneva-rootstocks.com\\\/es\\\/#\\\/schema\\\/logo\\\/image\\\/\",\"url\":\"\",\"contentUrl\":\"\",\"caption\":\"H\u00f4tel Les Alpages - SITE OFFICIEL - H\u00f4tel*** Restaurant dans le Jura (39) \u00e0 Bonlieu\"},\"image\":{\"@id\":\"https:\\\/\\\/geneva-rootstocks.com\\\/es\\\/#\\\/schema\\\/logo\\\/image\\\/\"},\"sameAs\":[\"https:\\\/\\\/www.facebook.com\\\/Htel-Les-Alpages-102579714817700\",\"https:\\\/\\\/instagram.com\\\/hotel_les_alpages\"]}]}<\/script>\n<!-- \/ Yoast SEO plugin. -->","yoast_head_json":{"title":"V\u00eddeo - Europa Fruit Tree Rootstocks","robots":{"index":"index","follow":"follow","max-snippet":"max-snippet:-1","max-image-preview":"max-image-preview:large","max-video-preview":"max-video-preview:-1"},"canonical":"https:\/\/geneva-rootstocks.com\/es\/video\/","og_locale":"es_ES","og_type":"article","og_title":"V\u00eddeo - Europa Fruit Tree Rootstocks","og_url":"https:\/\/geneva-rootstocks.com\/es\/video\/","og_site_name":"Europa Fruit Tree Rootstocks","article_publisher":"https:\/\/www.facebook.com\/Htel-Les-Alpages-102579714817700","article_modified_time":"2025-03-03T10:56:36+00:00","og_image":[{"width":2000,"height":788,"url":"https:\/\/geneva-rootstocks.com\/wp-content\/uploads\/2024\/10\/Slide-logo-EFTR.jpg","type":"image\/jpeg"}],"twitter_card":"summary_large_image","twitter_misc":{"Tiempo de lectura":"1 minuto"},"schema":{"@context":"https:\/\/schema.org","@graph":[{"@type":"WebPage","@id":"https:\/\/geneva-rootstocks.com\/es\/video\/","url":"https:\/\/geneva-rootstocks.com\/es\/video\/","name":"V\u00eddeo - Europa Fruit Tree Rootstocks","isPartOf":{"@id":"https:\/\/geneva-rootstocks.com\/es\/#website"},"datePublished":"2025-01-24T13:42:05+00:00","dateModified":"2025-03-03T10:56:36+00:00","breadcrumb":{"@id":"https:\/\/geneva-rootstocks.com\/es\/video\/#breadcrumb"},"inLanguage":"es","potentialAction":[{"@type":"ReadAction","target":["https:\/\/geneva-rootstocks.com\/es\/video\/"]}]},{"@type":"BreadcrumbList","@id":"https:\/\/geneva-rootstocks.com\/es\/video\/#breadcrumb","itemListElement":[{"@type":"ListItem","position":1,"name":"Accueil","item":"https:\/\/geneva-rootstocks.com\/es\/"},{"@type":"ListItem","position":2,"name":"V\u00eddeo"}]},{"@type":"WebSite","@id":"https:\/\/geneva-rootstocks.com\/es\/#website","url":"https:\/\/geneva-rootstocks.com\/es\/","name":"Europa Fruit Tree Rootstocks - \u00c9diteur europ\u00e9en des porte greffe Geneva\u00ae","description":"Europa Fruit Tree Rootstocks - \u00c9diteur europ\u00e9en des porte greffe Geneva\u00ae","publisher":{"@id":"https:\/\/geneva-rootstocks.com\/es\/#organization"},"alternateName":"EFTR - Europa Fruit Tree Rootstocks","potentialAction":[{"@type":"SearchAction","target":{"@type":"EntryPoint","urlTemplate":"https:\/\/geneva-rootstocks.com\/es\/?s={search_term_string}"},"query-input":{"@type":"PropertyValueSpecification","valueRequired":true,"valueName":"search_term_string"}}],"inLanguage":"es"},{"@type":"Organization","@id":"https:\/\/geneva-rootstocks.com\/es\/#organization","name":"H\u00f4tel Les Alpages - SITE OFFICIEL - H\u00f4tel*** Restaurant dans le Jura (39) \u00e0 Bonlieu","alternateName":"Les Alpages, H\u00f4tel 3 \u00e9toiles restaurant \u00e0 Bonlieu dans le Jura","url":"https:\/\/geneva-rootstocks.com\/es\/","logo":{"@type":"ImageObject","inLanguage":"es","@id":"https:\/\/geneva-rootstocks.com\/es\/#\/schema\/logo\/image\/","url":"","contentUrl":"","caption":"H\u00f4tel Les Alpages - SITE OFFICIEL - H\u00f4tel*** Restaurant dans le Jura (39) \u00e0 Bonlieu"},"image":{"@id":"https:\/\/geneva-rootstocks.com\/es\/#\/schema\/logo\/image\/"},"sameAs":["https:\/\/www.facebook.com\/Htel-Les-Alpages-102579714817700","https:\/\/instagram.com\/hotel_les_alpages"]}]}},"_links":{"self":[{"href":"https:\/\/geneva-rootstocks.com\/es\/wp-json\/wp\/v2\/pages\/3547","targetHints":{"allow":["GET"]}}],"collection":[{"href":"https:\/\/geneva-rootstocks.com\/es\/wp-json\/wp\/v2\/pages"}],"about":[{"href":"https:\/\/geneva-rootstocks.com\/es\/wp-json\/wp\/v2\/types\/page"}],"author":[{"embeddable":true,"href":"https:\/\/geneva-rootstocks.com\/es\/wp-json\/wp\/v2\/users\/1"}],"replies":[{"embeddable":true,"href":"https:\/\/geneva-rootstocks.com\/es\/wp-json\/wp\/v2\/comments?post=3547"}],"version-history":[{"count":0,"href":"https:\/\/geneva-rootstocks.com\/es\/wp-json\/wp\/v2\/pages\/3547\/revisions"}],"wp:attachment":[{"href":"https:\/\/geneva-rootstocks.com\/es\/wp-json\/wp\/v2\/media?parent=3547"}],"curies":[{"name":"wp","href":"https:\/\/api.w.org\/{rel}","templated":true}]}}