{"id":3660,"date":"2024-10-23T18:35:46","date_gmt":"2024-10-23T16:35:46","guid":{"rendered":"https:\/\/geneva-rootstocks.com\/le-programme\/"},"modified":"2025-05-23T10:41:08","modified_gmt":"2025-05-23T08:41:08","slug":"das-programm","status":"publish","type":"page","link":"https:\/\/geneva-rootstocks.com\/de\/das-programm\/","title":{"rendered":"Das Programm"},"content":{"rendered":"<div id='av_section_1'  class='avia-section av-67pw5y-3e89ca76aa77a8704002d418ef76dd51 main_color avia-section-default avia-no-border-styling  avia-builder-el-0  avia-builder-el-no-sibling  avia-bg-style-scroll container_wrap fullsize'  ><div class='container av-section-cont-open' ><main  role=\"main\" itemprop=\"mainContentOfPage\"  class='template-page content  av-content-full alpha units'><div class='post-entry post-entry-type-page post-entry-3660'><div class='entry-content-wrapper clearfix'>\n\n<style type=\"text\/css\" data-created_by=\"avia_inline_auto\" id=\"style-css-av-327lom-7170407b22852456ce48c681a11570e1\">\n#top .flex_column.av-327lom-7170407b22852456ce48c681a11570e1{\nmargin-top:0px;\nmargin-bottom:0px;\n}\n.flex_column.av-327lom-7170407b22852456ce48c681a11570e1{\npadding:0 0 0 0;\n}\n.responsive #top #wrap_all .flex_column.av-327lom-7170407b22852456ce48c681a11570e1{\nmargin-top:0px;\nmargin-bottom:0px;\n}\n<\/style>\n<div  class='flex_column av-327lom-7170407b22852456ce48c681a11570e1 av_one_full  avia-builder-el-1  el_before_av_two_fifth  avia-builder-el-first  first flex_column_div av-zero-column-padding  '     ><p>\n<style type=\"text\/css\" data-created_by=\"avia_inline_auto\" id=\"style-css-av-39gg46-a9253f9b9f97d1ba4977ea9cf9c7eb3f\">\n#top .av-special-heading.av-39gg46-a9253f9b9f97d1ba4977ea9cf9c7eb3f{\nmargin:0 0 0 0;\npadding-bottom:0;\nfont-size:44px;\n}\nbody .av-special-heading.av-39gg46-a9253f9b9f97d1ba4977ea9cf9c7eb3f .av-special-heading-tag .heading-char{\nfont-size:25px;\n}\n#top #wrap_all .av-special-heading.av-39gg46-a9253f9b9f97d1ba4977ea9cf9c7eb3f .av-special-heading-tag{\nfont-size:44px;\npadding:0 0 0 0;\n}\n.av-special-heading.av-39gg46-a9253f9b9f97d1ba4977ea9cf9c7eb3f .av-subheading{\nfont-size:15px;\n}\n\n@media only screen and (min-width: 480px) and (max-width: 767px){ \n#top #wrap_all .av-special-heading.av-39gg46-a9253f9b9f97d1ba4977ea9cf9c7eb3f .av-special-heading-tag{\nfont-size:0.8em;\n}\n}\n\n@media only screen and (max-width: 479px){ \n#top #wrap_all .av-special-heading.av-39gg46-a9253f9b9f97d1ba4977ea9cf9c7eb3f .av-special-heading-tag{\nfont-size:0.8em;\n}\n}\n<\/style>\n<div  class='av-special-heading av-39gg46-a9253f9b9f97d1ba4977ea9cf9c7eb3f av-special-heading-h1 blockquote modern-quote  avia-builder-el-2  el_before_av_hr  avia-builder-el-first  av-inherit-size'><h1 class='av-special-heading-tag '  itemprop=\"headline\"  >DAS PROGRAMM<\/h1><div class=\"special-heading-border\"><div class=\"special-heading-inner-border\"><\/div><\/div><\/div><br \/>\n\n<style type=\"text\/css\" data-created_by=\"avia_inline_auto\" id=\"style-css-av-6getli-8e223668aeb97491107ef5d68e138f67\">\n#top .hr.av-6getli-8e223668aeb97491107ef5d68e138f67{\nmargin-top:0;\nmargin-bottom:10px;\n}\n.hr.av-6getli-8e223668aeb97491107ef5d68e138f67 .hr-inner{\nwidth:300px;\nborder-color:#ee7300;\n}\n<\/style>\n<div  class='hr av-6getli-8e223668aeb97491107ef5d68e138f67 hr-custom  avia-builder-el-3  el_after_av_heading  avia-builder-el-last  hr-left hr-icon-no'><span class='hr-inner inner-border-av-border-thin'><span class=\"hr-inner-style\"><\/span><\/span><\/div><\/p><\/div><div class='flex_column_table av-639s9y-ee915efc636b3ac8b5b6918f8076ce12 sc-av_two_fifth av-equal-height-column-flextable'>\n<style type=\"text\/css\" data-created_by=\"avia_inline_auto\" id=\"style-css-av-639s9y-ee915efc636b3ac8b5b6918f8076ce12\">\n#top .flex_column_table.av-equal-height-column-flextable.av-639s9y-ee915efc636b3ac8b5b6918f8076ce12{\nmargin-top:0px;\nmargin-bottom:0px;\n}\n<\/style>\n<div  class='flex_column av-639s9y-ee915efc636b3ac8b5b6918f8076ce12 av_two_fifth  avia-builder-el-4  el_after_av_one_full  el_before_av_three_fifth  first flex_column_table_cell av-equal-height-column av-align-middle av-animated-generic left-to-right  column-top-margin'     ><style type=\"text\/css\" data-created_by=\"avia_inline_auto\" id=\"style-css-av-m2m3ympg-4658fe2430dcf6e141c690e1740e3c35\">\n#top .av_textblock_section.av-m2m3ympg-4658fe2430dcf6e141c690e1740e3c35 .avia_textblock{\nfont-size:17px;\n}\n<\/style>\n<section  class='av_textblock_section av-m2m3ympg-4658fe2430dcf6e141c690e1740e3c35 '   itemscope=\"itemscope\" itemtype=\"https:\/\/schema.org\/CreativeWork\" ><div class='avia_textblock'  itemprop=\"text\" ><p>Das Geneva\u00ae-Apfelunterlagen-Z\u00fcchtungsprogramm wurde 1968 an der Cornell University von Dr. James Cummins und Dr. Herb Aldwinckle an der Geneva Station in New York ins Leben gerufen.<\/p>\n<p>Ziel dieses Programmes war die Entwicklung neuer Unterlagengenotypen mit verbesserten Eigenschaften, sowohl in der Baumschule als auch in der Plantage besitzen. Im Vordergrund stand die Widerstandsf\u00e4higkeit an die im Osten Nordamerikas verbreiteten biotischen Schaderreger wie <strong>Feuerbrand<\/strong> (Erwinia amylovora), <strong>Wurzelf\u00e4ule<\/strong> (Phytophthora spp.) und <strong>Wollblattlaus<\/strong> (Eriosoma lanigerum).<\/p>\n<\/div><\/section><\/div><div class='av-flex-placeholder'><\/div>\n<style type=\"text\/css\" data-created_by=\"avia_inline_auto\" id=\"style-css-av-38ll06-6923c4e022712e8d403fbaa868411653\">\n#top .flex_column_table.av-equal-height-column-flextable.av-38ll06-6923c4e022712e8d403fbaa868411653{\nmargin-top:0px;\nmargin-bottom:0px;\n}\n<\/style>\n<div  class='flex_column av-38ll06-6923c4e022712e8d403fbaa868411653 av_three_fifth  avia-builder-el-6  el_after_av_two_fifth  el_before_av_hr  flex_column_table_cell av-equal-height-column av-align-middle av-animated-generic pop-up  column-top-margin'     ><p>\n<style type=\"text\/css\" data-created_by=\"avia_inline_auto\" id=\"style-css-av-m37dk699-764e12221cf4e13cd736f52f0c06a31f\">\n.avia-image-container.av-m37dk699-764e12221cf4e13cd736f52f0c06a31f img.avia_image{\nbox-shadow:none;\n}\n.avia-image-container.av-m37dk699-764e12221cf4e13cd736f52f0c06a31f .av-image-caption-overlay-center{\ncolor:#ffffff;\n}\n<\/style>\n<div  class='avia-image-container av-m37dk699-764e12221cf4e13cd736f52f0c06a31f av-styling- avia-align-center  avia-builder-el-7  el_before_av_textblock  avia-builder-el-first '   itemprop=\"image\" itemscope=\"itemscope\" itemtype=\"https:\/\/schema.org\/ImageObject\" ><div class=\"avia-image-container-inner\"><div class=\"avia-image-overlay-wrap\"><img class='avia_image ' src='https:\/\/geneva-rootstocks.com\/wp-content\/uploads\/2024\/11\/EFTR-Dr-James-Cummins.jpg' alt='Dr James Cummins' title='EFTR-Dr-James-Cummins'  height=\"500\" width=\"900\"  itemprop=\"thumbnailUrl\"  \/><\/div><\/div><\/div><br \/>\n\n<style type=\"text\/css\" data-created_by=\"avia_inline_auto\" id=\"style-css-av-m37dltiq-935bc19bcc90e43d6813e9174192776f\">\n#top .av_textblock_section.av-m37dltiq-935bc19bcc90e43d6813e9174192776f .avia_textblock{\ntext-align:center;\n}\n<\/style>\n<section  class='av_textblock_section av-m37dltiq-935bc19bcc90e43d6813e9174192776f '   itemscope=\"itemscope\" itemtype=\"https:\/\/schema.org\/CreativeWork\" ><div class='avia_textblock'  itemprop=\"text\" ><p><em>Dr James Cummins<\/em><\/p>\n<\/div><\/section><\/p><\/div><\/div><!--close column table wrapper. Autoclose: 1 -->\n<style type=\"text\/css\" data-created_by=\"avia_inline_auto\" id=\"style-css-av-m37ej867-badbc491ad14e7a5282bd2a6de0387d8\">\n#top .hr.hr-invisible.av-m37ej867-badbc491ad14e7a5282bd2a6de0387d8{\nheight:50px;\n}\n<\/style>\n<div  class='hr av-m37ej867-badbc491ad14e7a5282bd2a6de0387d8 hr-invisible  avia-builder-el-9  el_after_av_three_fifth  el_before_av_three_fifth '><span class='hr-inner '><span class=\"hr-inner-style\"><\/span><\/span><\/div>\n<div class='flex_column_table av-7lavfa-44d423b551d01f4f9d33106dd2e89ca3 sc-av_three_fifth av-equal-height-column-flextable'><div  class='flex_column av-7lavfa-44d423b551d01f4f9d33106dd2e89ca3 av_three_fifth  avia-builder-el-10  el_after_av_hr  el_before_av_two_fifth  first flex_column_table_cell av-equal-height-column av-align-middle av-animated-generic pop-up  '     ><p>\n<style type=\"text\/css\" data-created_by=\"avia_inline_auto\" id=\"style-css-av-m37dro9n-e62b91f0d7fe618704c5395d0d5aaf17\">\n.avia-image-container.av-m37dro9n-e62b91f0d7fe618704c5395d0d5aaf17 img.avia_image{\nbox-shadow:none;\n}\n.avia-image-container.av-m37dro9n-e62b91f0d7fe618704c5395d0d5aaf17 .av-image-caption-overlay-center{\ncolor:#ffffff;\n}\n<\/style>\n<div  class='avia-image-container av-m37dro9n-e62b91f0d7fe618704c5395d0d5aaf17 av-styling- avia-align-center  avia-builder-el-11  el_before_av_textblock  avia-builder-el-first '   itemprop=\"image\" itemscope=\"itemscope\" itemtype=\"https:\/\/schema.org\/ImageObject\" ><div class=\"avia-image-container-inner\"><div class=\"avia-image-overlay-wrap\"><img class='avia_image ' src='https:\/\/geneva-rootstocks.com\/wp-content\/uploads\/2024\/11\/EFTR-Cornell-University.jpg' alt='Cornell University' title='EFTR-Cornell-University'  height=\"500\" width=\"900\"  itemprop=\"thumbnailUrl\"  \/><\/div><\/div><\/div><br \/>\n\n<style type=\"text\/css\" data-created_by=\"avia_inline_auto\" id=\"style-css-av-m37eb6iz-63b61529404dc2ee4e49111afaf4c0ac\">\n#top .av_textblock_section.av-m37eb6iz-63b61529404dc2ee4e49111afaf4c0ac .avia_textblock{\ntext-align:center;\n}\n<\/style>\n<section  class='av_textblock_section av-m37eb6iz-63b61529404dc2ee4e49111afaf4c0ac '   itemscope=\"itemscope\" itemtype=\"https:\/\/schema.org\/CreativeWork\" ><div class='avia_textblock'  itemprop=\"text\" ><p><em>Cornell University, Geneva Station Geneva, New York<\/em><\/p>\n<\/div><\/section><\/p><\/div><div class='av-flex-placeholder'><\/div><div  class='flex_column av-58e14m-f635fdf0d487967c19fad9084be62352 av_two_fifth  avia-builder-el-13  el_after_av_three_fifth  el_before_av_hr  flex_column_table_cell av-equal-height-column av-align-middle av-animated-generic right-to-left  '     ><style type=\"text\/css\" data-created_by=\"avia_inline_auto\" id=\"style-css-av-m37ef9ka-1d01f1533b5274face7825598c997c2c\">\n#top .av_textblock_section.av-m37ef9ka-1d01f1533b5274face7825598c997c2c .avia_textblock{\nfont-size:17px;\n}\n<\/style>\n<section  class='av_textblock_section av-m37ef9ka-1d01f1533b5274face7825598c997c2c '   itemscope=\"itemscope\" itemtype=\"https:\/\/schema.org\/CreativeWork\" ><div class='avia_textblock'  itemprop=\"text\" ><p>Dr. Cummins leitete das Unterlagenz\u00fcchtungsprogramm der Cornell University bis zu seiner Pensionierung 1993. 1998 wurde es in ein gemeinsames Z\u00fcchtungsprogramm der Cornell Universit\u00e4t als Kooperationspartner und dem US-Landwirtschaftsministerium (USDA) umgewandelt, die auch die Leitung des Programmes \u00fcbernahm.<\/p>\n<p>Bei ihrer Selektion zeigten diese neuen Unterlagen eine <strong>hohe Produktivit\u00e4t<\/strong> sowie eine <strong>mehr oder weniger gute Toleranz gegen\u00fcber Bodenerm\u00fcdung<\/strong> bei Neupflanzungen.<\/p>\n<\/div><\/section><\/div><\/div><!--close column table wrapper. Autoclose: 1 -->\n<style type=\"text\/css\" data-created_by=\"avia_inline_auto\" id=\"style-css-av-23aqrq-64dedf4b70372d5433aeb36994ac2683\">\n#top .hr.hr-invisible.av-23aqrq-64dedf4b70372d5433aeb36994ac2683{\nheight:50px;\n}\n<\/style>\n<div  class='hr av-23aqrq-64dedf4b70372d5433aeb36994ac2683 hr-invisible  avia-builder-el-15  el_after_av_two_fifth  el_before_av_two_fifth '><span class='hr-inner '><span class=\"hr-inner-style\"><\/span><\/span><\/div>\n<div class='flex_column_table av-48qt52-dc7b84c713c231ef617f9e76e1006f27 sc-av_two_fifth av-equal-height-column-flextable'><div  class='flex_column av-48qt52-dc7b84c713c231ef617f9e76e1006f27 av_two_fifth  avia-builder-el-16  el_after_av_hr  el_before_av_three_fifth  first flex_column_table_cell av-equal-height-column av-align-middle av-animated-generic left-to-right  '     ><style type=\"text\/css\" data-created_by=\"avia_inline_auto\" id=\"style-css-av-m37dqs84-25d08951690f638ffb0685e11b543013\">\n#top .av_textblock_section.av-m37dqs84-25d08951690f638ffb0685e11b543013 .avia_textblock{\nfont-size:17px;\n}\n<\/style>\n<section  class='av_textblock_section av-m37dqs84-25d08951690f638ffb0685e11b543013 '   itemscope=\"itemscope\" itemtype=\"https:\/\/schema.org\/CreativeWork\" ><div class='avia_textblock'  itemprop=\"text\" ><p>Seit seinem Amtsantritt im Jahr 2001 entwickelt der neue Z\u00fcchter Gennaro Fazio das Programm auf Basis einer umfangreichen genetischen Vielfalt, darunter auch Wildapfelarten aus Kasachstan und anderen zentralasiatischen L\u00e4ndern.<\/p>\n<p>Das Programm entwickelt derzeit krankheits- und sch\u00e4dlingsresistente Unterlagen, um die Produktivit\u00e4t in den Plantagen zu steigern und es den Anbauern zu erm\u00f6glichen, den Apfelanbau mit Unterlagen, die an komplexe Sorten-Boden-Klima-Kombinationen weltweit angepasst sind, pr\u00e4zise anzupassen.<\/p>\n<p>Diese <strong>50-j\u00e4hrige Arbeit im Bereich der Apfelunterlagenz\u00fcchtung<\/strong> hat zur Entwicklung einer gro\u00dfen Anzahl von Selektionen gef\u00fchrt, die sich in verschiedenen Stadien der Erprobung und des weltweiten kommerziellen Vertriebs befinden.<\/p>\n<\/div><\/section><\/div><div class='av-flex-placeholder'><\/div><div  class='flex_column av-2qji86-43e33eab6adaed6edcd5ecb5e716419b av_three_fifth  avia-builder-el-18  el_after_av_two_fifth  el_before_av_one_full  flex_column_table_cell av-equal-height-column av-align-middle av-animated-generic pop-up  '     ><p>\n<style type=\"text\/css\" data-created_by=\"avia_inline_auto\" id=\"style-css-av-1whz1i-c53130c270f4c807c67c4b25fd718d34\">\n.avia-image-container.av-1whz1i-c53130c270f4c807c67c4b25fd718d34 img.avia_image{\nbox-shadow:none;\n}\n.avia-image-container.av-1whz1i-c53130c270f4c807c67c4b25fd718d34 .av-image-caption-overlay-center{\ncolor:#ffffff;\n}\n<\/style>\n<div  class='avia-image-container av-1whz1i-c53130c270f4c807c67c4b25fd718d34 av-styling- avia-align-center  avia-builder-el-19  el_before_av_textblock  avia-builder-el-first '   itemprop=\"image\" itemscope=\"itemscope\" itemtype=\"https:\/\/schema.org\/ImageObject\" ><div class=\"avia-image-container-inner\"><div class=\"avia-image-overlay-wrap\"><img class='avia_image ' src='https:\/\/geneva-rootstocks.com\/wp-content\/uploads\/2024\/11\/EFTR-Geneva-Rootstocks-Team.jpg' alt='Geneva Rootstocks Team' title='EFTR-Geneva-Rootstocks-Team'  height=\"500\" width=\"900\"  itemprop=\"thumbnailUrl\"  \/><\/div><\/div><\/div><br \/>\n\n<style type=\"text\/css\" data-created_by=\"avia_inline_auto\" id=\"style-css-av-m37dtzta-373f6fabf48527b0591b5ca69a25b7ca\">\n#top .av_textblock_section.av-m37dtzta-373f6fabf48527b0591b5ca69a25b7ca .avia_textblock{\ntext-align:center;\n}\n<\/style>\n<section  class='av_textblock_section av-m37dtzta-373f6fabf48527b0591b5ca69a25b7ca '   itemscope=\"itemscope\" itemtype=\"https:\/\/schema.org\/CreativeWork\" ><div class='avia_textblock'  itemprop=\"text\" ><p><em>Das Geneva\u00ae Rootstocks-Team<br \/>\nVon links nach rechts: Dr. Genneao Fazio (USDA-ARS), Dr. Albert Y Tsui (CTL), Dr. Terence Robinson (Cornell AgriTech), Emily Courson (CTL)<\/em><\/p>\n<\/div><\/section><\/p><\/div><\/div><!--close column table wrapper. Autoclose: 1 --><div class='flex_column_table av-2gt2hi-46f62b97afb36d0c5373c81e11a4dcfa sc-av_one_full av-equal-height-column-flextable'><div  class='flex_column av-2gt2hi-46f62b97afb36d0c5373c81e11a4dcfa av_one_full  avia-builder-el-21  el_after_av_three_fifth  avia-builder-el-last  first flex_column_table_cell av-equal-height-column av-align-middle av-animated-generic pop-up  '     ><style type=\"text\/css\" data-created_by=\"avia_inline_auto\" id=\"style-css-av-m37eyekx-887e8716a8fb54173702b9700e393c51\">\n#top .av_textblock_section.av-m37eyekx-887e8716a8fb54173702b9700e393c51 .avia_textblock{\nfont-size:17px;\n}\n<\/style>\n<section  class='av_textblock_section av-m37eyekx-887e8716a8fb54173702b9700e393c51 '   itemscope=\"itemscope\" itemtype=\"https:\/\/schema.org\/CreativeWork\" ><div class='avia_textblock'  itemprop=\"text\" ><p>F\u00fcr Europa wurde die Entwicklung der Geneva\u00ae Apfelunterlagen an <strong>Europa Fruit Tree Rootstocks (EFTR)<\/strong> vergeben.<\/p>\n<\/div><\/section><\/div><\/div><!--close column table wrapper. Autoclose: 1 -->\n","protected":false},"excerpt":{"rendered":"","protected":false},"author":1,"featured_media":0,"parent":0,"menu_order":0,"comment_status":"closed","ping_status":"closed","template":"","meta":{"footnotes":""},"class_list":["post-3660","page","type-page","status-publish","hentry"],"yoast_head":"<!-- This site is optimized with the Yoast SEO plugin v27.5 - https:\/\/yoast.com\/product\/yoast-seo-wordpress\/ -->\n<title>Das Programm - Europa Fruit Tree Rootstocks<\/title>\n<meta name=\"robots\" content=\"index, follow, max-snippet:-1, max-image-preview:large, max-video-preview:-1\" \/>\n<link rel=\"canonical\" href=\"https:\/\/geneva-rootstocks.com\/de\/das-programm\/\" \/>\n<meta property=\"og:locale\" content=\"de_DE\" \/>\n<meta property=\"og:type\" content=\"article\" \/>\n<meta property=\"og:title\" content=\"Das Programm - Europa Fruit Tree Rootstocks\" \/>\n<meta property=\"og:url\" content=\"https:\/\/geneva-rootstocks.com\/de\/das-programm\/\" \/>\n<meta property=\"og:site_name\" content=\"Europa Fruit Tree Rootstocks\" \/>\n<meta property=\"article:publisher\" content=\"https:\/\/www.facebook.com\/Htel-Les-Alpages-102579714817700\" \/>\n<meta property=\"article:modified_time\" content=\"2025-05-23T08:41:08+00:00\" \/>\n<meta property=\"og:image\" content=\"https:\/\/geneva-rootstocks.com\/wp-content\/uploads\/2024\/10\/Slide-logo-EFTR.jpg\" \/>\n\t<meta property=\"og:image:width\" content=\"2000\" \/>\n\t<meta property=\"og:image:height\" content=\"788\" \/>\n\t<meta property=\"og:image:type\" content=\"image\/jpeg\" \/>\n<meta name=\"twitter:card\" content=\"summary_large_image\" \/>\n<meta name=\"twitter:label1\" content=\"Gesch\u00e4tzte Lesezeit\" \/>\n\t<meta name=\"twitter:data1\" content=\"3\u00a0Minuten\" \/>\n<script type=\"application\/ld+json\" class=\"yoast-schema-graph\">{\"@context\":\"https:\\\/\\\/schema.org\",\"@graph\":[{\"@type\":\"WebPage\",\"@id\":\"https:\\\/\\\/geneva-rootstocks.com\\\/de\\\/das-programm\\\/\",\"url\":\"https:\\\/\\\/geneva-rootstocks.com\\\/de\\\/das-programm\\\/\",\"name\":\"Das Programm - Europa Fruit Tree Rootstocks\",\"isPartOf\":{\"@id\":\"https:\\\/\\\/geneva-rootstocks.com\\\/de\\\/#website\"},\"datePublished\":\"2024-10-23T16:35:46+00:00\",\"dateModified\":\"2025-05-23T08:41:08+00:00\",\"breadcrumb\":{\"@id\":\"https:\\\/\\\/geneva-rootstocks.com\\\/de\\\/das-programm\\\/#breadcrumb\"},\"inLanguage\":\"de\",\"potentialAction\":[{\"@type\":\"ReadAction\",\"target\":[\"https:\\\/\\\/geneva-rootstocks.com\\\/de\\\/das-programm\\\/\"]}]},{\"@type\":\"BreadcrumbList\",\"@id\":\"https:\\\/\\\/geneva-rootstocks.com\\\/de\\\/das-programm\\\/#breadcrumb\",\"itemListElement\":[{\"@type\":\"ListItem\",\"position\":1,\"name\":\"Accueil\",\"item\":\"https:\\\/\\\/geneva-rootstocks.com\\\/de\\\/\"},{\"@type\":\"ListItem\",\"position\":2,\"name\":\"Das Programm\"}]},{\"@type\":\"WebSite\",\"@id\":\"https:\\\/\\\/geneva-rootstocks.com\\\/de\\\/#website\",\"url\":\"https:\\\/\\\/geneva-rootstocks.com\\\/de\\\/\",\"name\":\"Europa Fruit Tree Rootstocks - \u00c9diteur europ\u00e9en des porte greffe Geneva\u00ae\",\"description\":\"Europa Fruit Tree Rootstocks - \u00c9diteur europ\u00e9en des porte greffe Geneva\u00ae\",\"publisher\":{\"@id\":\"https:\\\/\\\/geneva-rootstocks.com\\\/de\\\/#organization\"},\"alternateName\":\"EFTR - Europa Fruit Tree Rootstocks\",\"potentialAction\":[{\"@type\":\"SearchAction\",\"target\":{\"@type\":\"EntryPoint\",\"urlTemplate\":\"https:\\\/\\\/geneva-rootstocks.com\\\/de\\\/?s={search_term_string}\"},\"query-input\":{\"@type\":\"PropertyValueSpecification\",\"valueRequired\":true,\"valueName\":\"search_term_string\"}}],\"inLanguage\":\"de\"},{\"@type\":\"Organization\",\"@id\":\"https:\\\/\\\/geneva-rootstocks.com\\\/de\\\/#organization\",\"name\":\"H\u00f4tel Les Alpages - SITE OFFICIEL - H\u00f4tel*** Restaurant dans le Jura (39) \u00e0 Bonlieu\",\"alternateName\":\"Les Alpages, H\u00f4tel 3 \u00e9toiles restaurant \u00e0 Bonlieu dans le Jura\",\"url\":\"https:\\\/\\\/geneva-rootstocks.com\\\/de\\\/\",\"logo\":{\"@type\":\"ImageObject\",\"inLanguage\":\"de\",\"@id\":\"https:\\\/\\\/geneva-rootstocks.com\\\/de\\\/#\\\/schema\\\/logo\\\/image\\\/\",\"url\":\"\",\"contentUrl\":\"\",\"caption\":\"H\u00f4tel Les Alpages - SITE OFFICIEL - H\u00f4tel*** Restaurant dans le Jura (39) \u00e0 Bonlieu\"},\"image\":{\"@id\":\"https:\\\/\\\/geneva-rootstocks.com\\\/de\\\/#\\\/schema\\\/logo\\\/image\\\/\"},\"sameAs\":[\"https:\\\/\\\/www.facebook.com\\\/Htel-Les-Alpages-102579714817700\",\"https:\\\/\\\/instagram.com\\\/hotel_les_alpages\"]}]}<\/script>\n<!-- \/ Yoast SEO plugin. -->","yoast_head_json":{"title":"Das Programm - Europa Fruit Tree Rootstocks","robots":{"index":"index","follow":"follow","max-snippet":"max-snippet:-1","max-image-preview":"max-image-preview:large","max-video-preview":"max-video-preview:-1"},"canonical":"https:\/\/geneva-rootstocks.com\/de\/das-programm\/","og_locale":"de_DE","og_type":"article","og_title":"Das Programm - Europa Fruit Tree Rootstocks","og_url":"https:\/\/geneva-rootstocks.com\/de\/das-programm\/","og_site_name":"Europa Fruit Tree Rootstocks","article_publisher":"https:\/\/www.facebook.com\/Htel-Les-Alpages-102579714817700","article_modified_time":"2025-05-23T08:41:08+00:00","og_image":[{"width":2000,"height":788,"url":"https:\/\/geneva-rootstocks.com\/wp-content\/uploads\/2024\/10\/Slide-logo-EFTR.jpg","type":"image\/jpeg"}],"twitter_card":"summary_large_image","twitter_misc":{"Gesch\u00e4tzte Lesezeit":"3\u00a0Minuten"},"schema":{"@context":"https:\/\/schema.org","@graph":[{"@type":"WebPage","@id":"https:\/\/geneva-rootstocks.com\/de\/das-programm\/","url":"https:\/\/geneva-rootstocks.com\/de\/das-programm\/","name":"Das Programm - Europa Fruit Tree Rootstocks","isPartOf":{"@id":"https:\/\/geneva-rootstocks.com\/de\/#website"},"datePublished":"2024-10-23T16:35:46+00:00","dateModified":"2025-05-23T08:41:08+00:00","breadcrumb":{"@id":"https:\/\/geneva-rootstocks.com\/de\/das-programm\/#breadcrumb"},"inLanguage":"de","potentialAction":[{"@type":"ReadAction","target":["https:\/\/geneva-rootstocks.com\/de\/das-programm\/"]}]},{"@type":"BreadcrumbList","@id":"https:\/\/geneva-rootstocks.com\/de\/das-programm\/#breadcrumb","itemListElement":[{"@type":"ListItem","position":1,"name":"Accueil","item":"https:\/\/geneva-rootstocks.com\/de\/"},{"@type":"ListItem","position":2,"name":"Das Programm"}]},{"@type":"WebSite","@id":"https:\/\/geneva-rootstocks.com\/de\/#website","url":"https:\/\/geneva-rootstocks.com\/de\/","name":"Europa Fruit Tree Rootstocks - \u00c9diteur europ\u00e9en des porte greffe Geneva\u00ae","description":"Europa Fruit Tree Rootstocks - \u00c9diteur europ\u00e9en des porte greffe Geneva\u00ae","publisher":{"@id":"https:\/\/geneva-rootstocks.com\/de\/#organization"},"alternateName":"EFTR - Europa Fruit Tree Rootstocks","potentialAction":[{"@type":"SearchAction","target":{"@type":"EntryPoint","urlTemplate":"https:\/\/geneva-rootstocks.com\/de\/?s={search_term_string}"},"query-input":{"@type":"PropertyValueSpecification","valueRequired":true,"valueName":"search_term_string"}}],"inLanguage":"de"},{"@type":"Organization","@id":"https:\/\/geneva-rootstocks.com\/de\/#organization","name":"H\u00f4tel Les Alpages - SITE OFFICIEL - H\u00f4tel*** Restaurant dans le Jura (39) \u00e0 Bonlieu","alternateName":"Les Alpages, H\u00f4tel 3 \u00e9toiles restaurant \u00e0 Bonlieu dans le Jura","url":"https:\/\/geneva-rootstocks.com\/de\/","logo":{"@type":"ImageObject","inLanguage":"de","@id":"https:\/\/geneva-rootstocks.com\/de\/#\/schema\/logo\/image\/","url":"","contentUrl":"","caption":"H\u00f4tel Les Alpages - SITE OFFICIEL - H\u00f4tel*** Restaurant dans le Jura (39) \u00e0 Bonlieu"},"image":{"@id":"https:\/\/geneva-rootstocks.com\/de\/#\/schema\/logo\/image\/"},"sameAs":["https:\/\/www.facebook.com\/Htel-Les-Alpages-102579714817700","https:\/\/instagram.com\/hotel_les_alpages"]}]}},"_links":{"self":[{"href":"https:\/\/geneva-rootstocks.com\/de\/wp-json\/wp\/v2\/pages\/3660","targetHints":{"allow":["GET"]}}],"collection":[{"href":"https:\/\/geneva-rootstocks.com\/de\/wp-json\/wp\/v2\/pages"}],"about":[{"href":"https:\/\/geneva-rootstocks.com\/de\/wp-json\/wp\/v2\/types\/page"}],"author":[{"embeddable":true,"href":"https:\/\/geneva-rootstocks.com\/de\/wp-json\/wp\/v2\/users\/1"}],"replies":[{"embeddable":true,"href":"https:\/\/geneva-rootstocks.com\/de\/wp-json\/wp\/v2\/comments?post=3660"}],"version-history":[{"count":0,"href":"https:\/\/geneva-rootstocks.com\/de\/wp-json\/wp\/v2\/pages\/3660\/revisions"}],"wp:attachment":[{"href":"https:\/\/geneva-rootstocks.com\/de\/wp-json\/wp\/v2\/media?parent=3660"}],"curies":[{"name":"wp","href":"https:\/\/api.w.org\/{rel}","templated":true}]}}