{"id":3653,"date":"2022-04-01T09:08:41","date_gmt":"2022-04-01T07:08:41","guid":{"rendered":"https:\/\/geneva-rootstocks.com\/accueil\/"},"modified":"2025-05-23T11:14:30","modified_gmt":"2025-05-23T09:14:30","slug":"startseite","status":"publish","type":"page","link":"https:\/\/geneva-rootstocks.com\/de\/startseite\/","title":{"rendered":"Startseite"},"content":{"rendered":"<div id='full_slider_1'  class='avia-fullwidth-slider main_color avia-shadow av-small-hide av-mini-hide  avia-builder-el-0  el_before_av_section  avia-builder-el-first   container_wrap fullsize'  >\n<style type=\"text\/css\" data-created_by=\"avia_inline_auto\" id=\"style-css-av-m2lwrirh-709b8d079e352d329bf198fdff81f249\">\n@keyframes av_slideshow_img_scale_av-m2lwrirh-709b8d079e352d329bf198fdff81f249 {\n   0% { transform: scale(1.3); opacity: 1; }\n 100% { transform: scale(1.03); opacity: 1; }\n}\n@keyframes av_slideshow_img_scale_av-m2lwrirh-709b8d079e352d329bf198fdff81f249_even {\n   0% { transform: scale(1.03); opacity: 1; }\n 100% { transform: scale(1.3); opacity: 1; }\n}\n.avia-slideshow.av-m2lwrirh-709b8d079e352d329bf198fdff81f249 .avia-slideshow-slide.slide-odd.next-active-slide img{\nanimation:av_slideshow_img_scale_av-m2lwrirh-709b8d079e352d329bf198fdff81f249 3s 1 ease-in-out;\ntransform:scale(1.03);\nopacity:1;\n}\n.avia-slideshow.av-m2lwrirh-709b8d079e352d329bf198fdff81f249 .avia-slideshow-slide.slide-even.next-active-slide img{\nanimation:av_slideshow_img_scale_av-m2lwrirh-709b8d079e352d329bf198fdff81f249_even 3s 1 ease-in-out;\ntransform:scale(1.3);\nopacity:1;\n}\n#top #wrap_all .avia-slideshow .av-slideshow-caption.av-m2lwrirh-709b8d079e352d329bf198fdff81f249__1 .avia-caption-title{\nfont-size:36px;\n}\n#top .avia-slideshow .av-slideshow-caption.av-m2lwrirh-709b8d079e352d329bf198fdff81f249__1 .avia-caption-content{\nfont-size:25px;\n}\n#top .avia-slideshow .av-slideshow-caption.av-m2lwrirh-709b8d079e352d329bf198fdff81f249__1 .avia-caption-content p{\nfont-size:25px;\n}\n<\/style>\n<div  class='avia-slideshow av-m2lwrirh-709b8d079e352d329bf198fdff81f249 avia-slideshow-no scaling av_slideshow_full avia-fade-slider av-small-hide av-mini-hide av-slideshow-ui av-control-default av-no-slider-navigation av-slideshow-autoplay av-loop-once av-loop-manual-endless av-default-height-applied   avia-slideshow-1' data-slideshow-options=\"{&quot;animation&quot;:&quot;fade&quot;,&quot;autoplay&quot;:true,&quot;loop_autoplay&quot;:&quot;once&quot;,&quot;interval&quot;:4,&quot;loop_manual&quot;:&quot;manual-endless&quot;,&quot;autoplay_stopper&quot;:true,&quot;noNavigation&quot;:false,&quot;bg_slider&quot;:false,&quot;keep_padding&quot;:false,&quot;hoverpause&quot;:false,&quot;show_slide_delay&quot;:0}\"  itemprop=\"image\" itemscope=\"itemscope\" itemtype=\"https:\/\/schema.org\/ImageObject\" ><ul class='avia-slideshow-inner ' style='padding-bottom: 39.4%;'><li  class='avia-slideshow-slide av-m2lwrirh-709b8d079e352d329bf198fdff81f249__0  slide-1 slide-odd'><div data-rel='slideshow-1' class='avia-slide-wrap '   ><img src='https:\/\/geneva-rootstocks.com\/wp-content\/uploads\/2024\/10\/Slide-logo-EFTR.jpg' width='2000' height='788' title='Slide-logo-EFTR' alt=''  itemprop=\"thumbnailUrl\"   \/><\/div><\/li><li  class='avia-slideshow-slide av-m2lwrirh-709b8d079e352d329bf198fdff81f249__1  slide-2 slide-even'><div data-rel='slideshow-1' class='avia-slide-wrap '   ><div class='av-slideshow-caption av-m2lwrirh-709b8d079e352d329bf198fdff81f249__1 caption_fullwidth caption_center caption_center_framed caption_framed'><div class=\"container caption_container\"><div class=\"slideshow_caption\"><div class=\"slideshow_inner_caption\"><div class=\"slideshow_align_caption\"><h2 class='avia-caption-title '  itemprop=\"name\" >Europa Fruit Tree Rootstocks<\/h2><div class='avia-caption-content '  itemprop=\"description\" ><p>Europ\u00e4ischer Herausgeber von Geneva\u00ae-Unterlagen<\/p>\n<\/div><\/div><\/div><\/div><\/div><\/div><img src='https:\/\/geneva-rootstocks.com\/wp-content\/uploads\/2024\/10\/Slide-EFTR-02.jpg' width='1500' height='591' title='Slide-EFTR-02' alt=''  itemprop=\"thumbnailUrl\"   \/><\/div><\/li><\/ul><div class='avia-slideshow-arrows avia-slideshow-controls' ><a href='#prev' class='prev-slide  avia-svg-icon avia-font-svg_entypo-fontello' data-av_svg_icon='left-open-big' data-av_iconset='svg_entypo-fontello' tabindex='-1' title=\"Zur\u00fcck\"><svg version=\"1.1\" xmlns=\"http:\/\/www.w3.org\/2000\/svg\" width=\"15\" height=\"32\" viewBox=\"0 0 15 32\" preserveAspectRatio=\"xMidYMid meet\" aria-labelledby='av-svg-title-1' aria-describedby='av-svg-desc-1' role=\"graphics-symbol\" aria-hidden=\"true\">\n<title id='av-svg-title-1'>Zur\u00fcck<\/title>\n<desc id='av-svg-desc-1'>Zur\u00fcck<\/desc>\n<path d=\"M14.464 27.84q0.832 0.832 0 1.536-0.832 0.832-1.536 0l-12.544-12.608q-0.768-0.768 0-1.6l12.544-12.608q0.704-0.832 1.536 0 0.832 0.704 0 1.536l-11.456 11.904z\"><\/path>\n<\/svg><span class='avia_hidden_link_text'>Zur\u00fcck<\/span><\/a><a href='#next' class='next-slide  avia-svg-icon avia-font-svg_entypo-fontello' data-av_svg_icon='right-open-big' data-av_iconset='svg_entypo-fontello' tabindex='-1' title=\"Weiter\"><svg version=\"1.1\" xmlns=\"http:\/\/www.w3.org\/2000\/svg\" width=\"15\" height=\"32\" viewBox=\"0 0 15 32\" preserveAspectRatio=\"xMidYMid meet\" aria-labelledby='av-svg-title-2' aria-describedby='av-svg-desc-2' role=\"graphics-symbol\" aria-hidden=\"true\">\n<title id='av-svg-title-2'>Weiter<\/title>\n<desc id='av-svg-desc-2'>Weiter<\/desc>\n<path d=\"M0.416 27.84l11.456-11.84-11.456-11.904q-0.832-0.832 0-1.536 0.832-0.832 1.536 0l12.544 12.608q0.768 0.832 0 1.6l-12.544 12.608q-0.704 0.832-1.536 0-0.832-0.704 0-1.536z\"><\/path>\n<\/svg><span class='avia_hidden_link_text'>Weiter<\/span><\/a><\/div><\/div><\/div>\n<div id='av_section_1'  class='avia-section av-15wx9-5fa9eb49c5220bef62d40ce654ff5c31 main_color avia-section-large avia-no-border-styling  avia-builder-el-1  el_after_av_slideshow_full  avia-builder-el-last  avia-bg-style-scroll container_wrap fullsize'  ><div class='container av-section-cont-open' ><div class='template-page content  av-content-full alpha units'><div class='post-entry post-entry-type-page post-entry-3653'><div class='entry-content-wrapper clearfix'>\n<div class='flex_column_table av-752l-c0cde695555f3699032b737d184d9251 sc-av_three_fifth av-equal-height-column-flextable'><div  class='flex_column av-752l-c0cde695555f3699032b737d184d9251 av_three_fifth  avia-builder-el-2  el_before_av_two_fifth  avia-builder-el-first  first flex_column_table_cell av-equal-height-column av-align-top av-animated-generic bottom-to-top  '     ><p>\n<style type=\"text\/css\" data-created_by=\"avia_inline_auto\" id=\"style-css-av-m2ly9m97-fff50177f2deb3253c187cb2ba98a79e\">\n#top .av-special-heading.av-m2ly9m97-fff50177f2deb3253c187cb2ba98a79e{\nmargin:0 0 0 0;\npadding-bottom:0;\nfont-size:44px;\n}\nbody .av-special-heading.av-m2ly9m97-fff50177f2deb3253c187cb2ba98a79e .av-special-heading-tag .heading-char{\nfont-size:25px;\n}\n#top #wrap_all .av-special-heading.av-m2ly9m97-fff50177f2deb3253c187cb2ba98a79e .av-special-heading-tag{\nfont-size:44px;\npadding:0 0 0 0;\n}\n.av-special-heading.av-m2ly9m97-fff50177f2deb3253c187cb2ba98a79e .av-subheading{\nfont-size:22px;\n}\n\n@media only screen and (min-width: 480px) and (max-width: 767px){ \n#top #wrap_all .av-special-heading.av-m2ly9m97-fff50177f2deb3253c187cb2ba98a79e .av-special-heading-tag{\nfont-size:0.8em;\n}\n}\n\n@media only screen and (max-width: 479px){ \n#top #wrap_all .av-special-heading.av-m2ly9m97-fff50177f2deb3253c187cb2ba98a79e .av-special-heading-tag{\nfont-size:0.8em;\n}\n}\n<\/style>\n<div  class='av-special-heading av-m2ly9m97-fff50177f2deb3253c187cb2ba98a79e av-special-heading-h1 blockquote modern-quote  avia-builder-el-3  el_before_av_hr  avia-builder-el-first  av-inherit-size'><h1 class='av-special-heading-tag '  itemprop=\"headline\"  >APFELUNTERLAGE<\/h1><div class='av-subheading av-subheading_below'><p><em>Mehr als ein Jahrhundert Evolution<\/em><\/p>\n<\/div><div class=\"special-heading-border\"><div class=\"special-heading-inner-border\"><\/div><\/div><\/div><br \/>\n\n<style type=\"text\/css\" data-created_by=\"avia_inline_auto\" id=\"style-css-av-m2n1xjhr-7114de93055efc2e1ec301d58d0bd1d9\">\n#top .hr.av-m2n1xjhr-7114de93055efc2e1ec301d58d0bd1d9{\nmargin-top:0;\nmargin-bottom:30px;\n}\n.hr.av-m2n1xjhr-7114de93055efc2e1ec301d58d0bd1d9 .hr-inner{\nwidth:300px;\nborder-color:#ee7300;\n}\n<\/style>\n<div  class='hr av-m2n1xjhr-7114de93055efc2e1ec301d58d0bd1d9 hr-custom  avia-builder-el-4  el_after_av_heading  el_before_av_textblock  hr-left hr-icon-no'><span class='hr-inner inner-border-av-border-fat'><span class=\"hr-inner-style\"><\/span><\/span><\/div><br \/>\n\n<style type=\"text\/css\" data-created_by=\"avia_inline_auto\" id=\"style-css-av-1qqrp-6eb0dac158597acae2561ff7b69e26e0\">\n#top .av_textblock_section.av-1qqrp-6eb0dac158597acae2561ff7b69e26e0 .avia_textblock{\nfont-size:17px;\n}\n<\/style>\n<section  class='av_textblock_section av-1qqrp-6eb0dac158597acae2561ff7b69e26e0 '   itemscope=\"itemscope\" itemtype=\"https:\/\/schema.org\/CreativeWork\" ><div class='avia_textblock'  itemprop=\"text\" ><p><strong>Seit \u00fcber einem Jahrhundert versuchen Obstbaumexperten auf der ganzen Welt, die Leistung und Eigenschaften von Veredelungsunterlagen zu verbessern.<\/strong><\/p>\n<p>Europa war lange Zeit f\u00fchrend auf diesem Gebiet und hat die vom Zentrum in East Mailling in England gez\u00fcchteten und selektierten Unterlagen-Typen popul\u00e4r gemacht. Darunter auch die bekannte M9, die sp\u00e4ter auf der ganzen Welt Verwendung fand.<\/p>\n<p>In den letzten Jahren haben jedoch Ver\u00e4nderungen in den Anbautechniken, den gesellschaftlichen Erwartungen und dem Klima die Grenzen traditioneller Unterlagen deutlich gemacht.<\/p>\n<p>Es ist klar geworden, dass neue Unterlagen-Typen ben\u00f6tigt werden, die gegen\u00fcber biotischen und abiotischen Einfl\u00fcssen resistent sind, und gleichzeitig ein hohes Ma\u00df an Produktivit\u00e4t erreichen.<\/p>\n<p>In diesem Zusammenhang haben wir vor etwa drei\u00dfig Jahren mit der Einf\u00fchrung und Erprobung neuer Apfelunterlagen begonnen, die von der Cornell University an der Station Geneva im US-Bundesstaat New York gez\u00fcchtet wurden.<\/p>\n<p>Dank ihrer einzigartigen Kombination aus Widerstandsf\u00e4higkeit und Produktivit\u00e4t, wurden in ganz Europa bisher fast 20 Millionen Geneva\u00ae-Unterlagen gepflanzt, um langfristig effizientere und widerstandsf\u00e4higere Apfelplantagen zu bekommen.<\/p>\n<\/div><\/section><br \/>\n<div  class='avia-button-wrap av-m6atik13-275429563b23a66ccb9d198f897d09e8-wrap avia-button-left  avia-builder-el-6  el_after_av_textblock  avia-builder-el-last '>\n<style type=\"text\/css\" data-created_by=\"avia_inline_auto\" id=\"style-css-av-m6atik13-275429563b23a66ccb9d198f897d09e8\">\n#top #wrap_all .avia-button.av-m6atik13-275429563b23a66ccb9d198f897d09e8{\nfont-size:17px;\ntransition:all 0.4s ease-in-out;\nmargin:20px 0 0 0;\n}\n<\/style>\n<a href='https:\/\/geneva-rootstocks.com\/de\/video\/'  class='avia-button av-m6atik13-275429563b23a66ccb9d198f897d09e8 av-link-btn avia-icon_select-yes-right-icon avia-size-medium avia-position-left avia-color-theme-color'   aria-label=\"Erfahrungsberichte von Anwendern, die Geneva\u00ae-Unterlagen verwenden\"><span class='avia_iconbox_title' >Erfahrungsberichte von Anwendern, die Geneva\u00ae-Unterlagen verwenden<\/span><span class='avia_button_icon avia_button_icon_right avia-iconfont avia-font-entypo-fontello' data-av_icon='\uf16a' data-av_iconfont='entypo-fontello' ><\/span><\/a><\/div><\/p><\/div><div class='av-flex-placeholder'><\/div><div  class='flex_column av-zgld-82f962de789d2f91275df738ee1d2927 av_two_fifth  avia-builder-el-7  el_after_av_three_fifth  avia-builder-el-last  flex_column_table_cell av-equal-height-column av-align-top av-animated-generic bottom-to-top  '     ><style type=\"text\/css\" data-created_by=\"avia_inline_auto\" id=\"style-css-av-m2lytfp8-c8f7c2135e91c83d259fcc1773c64aec\">\n.avia-image-container.av-m2lytfp8-c8f7c2135e91c83d259fcc1773c64aec img.avia_image{\nbox-shadow:none;\n}\n.avia-image-container.av-m2lytfp8-c8f7c2135e91c83d259fcc1773c64aec .av-image-caption-overlay-center{\ncolor:#ffffff;\n}\n<\/style>\n<div  class='avia-image-container av-m2lytfp8-c8f7c2135e91c83d259fcc1773c64aec av-styling- avia-align-center  avia-builder-el-8  avia-builder-el-no-sibling '   itemprop=\"image\" itemscope=\"itemscope\" itemtype=\"https:\/\/schema.org\/ImageObject\" ><div class=\"avia-image-container-inner\"><div class=\"avia-image-overlay-wrap\"><img class='avia_image ' src='https:\/\/geneva-rootstocks.com\/wp-content\/uploads\/2024\/10\/fleurs-pommier.jpg' alt='' title='fleurs-pommier'  height=\"1200\" width=\"919\"  itemprop=\"thumbnailUrl\"  \/><\/div><\/div><\/div><\/div><\/div><!--close column table wrapper. Autoclose: 1 -->\n","protected":false},"excerpt":{"rendered":"","protected":false},"author":1,"featured_media":0,"parent":0,"menu_order":0,"comment_status":"closed","ping_status":"closed","template":"","meta":{"footnotes":""},"class_list":["post-3653","page","type-page","status-publish","hentry"],"yoast_head":"<!-- This site is optimized with the Yoast SEO plugin v27.5 - https:\/\/yoast.com\/product\/yoast-seo-wordpress\/ -->\n<title>Startseite - Europa Fruit Tree Rootstocks<\/title>\n<meta name=\"robots\" content=\"index, follow, max-snippet:-1, max-image-preview:large, max-video-preview:-1\" \/>\n<link rel=\"canonical\" href=\"https:\/\/geneva-rootstocks.com\/de\/startseite\/\" \/>\n<meta property=\"og:locale\" content=\"de_DE\" \/>\n<meta property=\"og:type\" content=\"article\" \/>\n<meta property=\"og:title\" content=\"Startseite - Europa Fruit Tree Rootstocks\" \/>\n<meta property=\"og:url\" content=\"https:\/\/geneva-rootstocks.com\/de\/startseite\/\" \/>\n<meta property=\"og:site_name\" content=\"Europa Fruit Tree Rootstocks\" \/>\n<meta property=\"article:publisher\" content=\"https:\/\/www.facebook.com\/Htel-Les-Alpages-102579714817700\" \/>\n<meta property=\"article:modified_time\" content=\"2025-05-23T09:14:30+00:00\" \/>\n<meta property=\"og:image\" content=\"https:\/\/geneva-rootstocks.com\/wp-content\/uploads\/2024\/10\/Slide-logo-EFTR.jpg\" \/>\n\t<meta property=\"og:image:width\" content=\"2000\" \/>\n\t<meta property=\"og:image:height\" content=\"788\" \/>\n\t<meta property=\"og:image:type\" content=\"image\/jpeg\" \/>\n<meta name=\"twitter:card\" content=\"summary_large_image\" \/>\n<meta name=\"twitter:label1\" content=\"Gesch\u00e4tzte Lesezeit\" \/>\n\t<meta name=\"twitter:data1\" content=\"2\u00a0Minuten\" \/>\n<script type=\"application\/ld+json\" class=\"yoast-schema-graph\">{\"@context\":\"https:\\\/\\\/schema.org\",\"@graph\":[{\"@type\":\"WebPage\",\"@id\":\"https:\\\/\\\/geneva-rootstocks.com\\\/de\\\/startseite\\\/\",\"url\":\"https:\\\/\\\/geneva-rootstocks.com\\\/de\\\/startseite\\\/\",\"name\":\"Startseite - Europa Fruit Tree Rootstocks\",\"isPartOf\":{\"@id\":\"https:\\\/\\\/geneva-rootstocks.com\\\/de\\\/#website\"},\"datePublished\":\"2022-04-01T07:08:41+00:00\",\"dateModified\":\"2025-05-23T09:14:30+00:00\",\"breadcrumb\":{\"@id\":\"https:\\\/\\\/geneva-rootstocks.com\\\/de\\\/startseite\\\/#breadcrumb\"},\"inLanguage\":\"de\",\"potentialAction\":[{\"@type\":\"ReadAction\",\"target\":[\"https:\\\/\\\/geneva-rootstocks.com\\\/de\\\/startseite\\\/\"]}]},{\"@type\":\"BreadcrumbList\",\"@id\":\"https:\\\/\\\/geneva-rootstocks.com\\\/de\\\/startseite\\\/#breadcrumb\",\"itemListElement\":[{\"@type\":\"ListItem\",\"position\":1,\"name\":\"Accueil\",\"item\":\"https:\\\/\\\/geneva-rootstocks.com\\\/de\\\/\"},{\"@type\":\"ListItem\",\"position\":2,\"name\":\"Startseite\"}]},{\"@type\":\"WebSite\",\"@id\":\"https:\\\/\\\/geneva-rootstocks.com\\\/de\\\/#website\",\"url\":\"https:\\\/\\\/geneva-rootstocks.com\\\/de\\\/\",\"name\":\"Europa Fruit Tree Rootstocks - \u00c9diteur europ\u00e9en des porte greffe Geneva\u00ae\",\"description\":\"Europa Fruit Tree Rootstocks - \u00c9diteur europ\u00e9en des porte greffe Geneva\u00ae\",\"publisher\":{\"@id\":\"https:\\\/\\\/geneva-rootstocks.com\\\/de\\\/#organization\"},\"alternateName\":\"EFTR - Europa Fruit Tree Rootstocks\",\"potentialAction\":[{\"@type\":\"SearchAction\",\"target\":{\"@type\":\"EntryPoint\",\"urlTemplate\":\"https:\\\/\\\/geneva-rootstocks.com\\\/de\\\/?s={search_term_string}\"},\"query-input\":{\"@type\":\"PropertyValueSpecification\",\"valueRequired\":true,\"valueName\":\"search_term_string\"}}],\"inLanguage\":\"de\"},{\"@type\":\"Organization\",\"@id\":\"https:\\\/\\\/geneva-rootstocks.com\\\/de\\\/#organization\",\"name\":\"H\u00f4tel Les Alpages - SITE OFFICIEL - H\u00f4tel*** Restaurant dans le Jura (39) \u00e0 Bonlieu\",\"alternateName\":\"Les Alpages, H\u00f4tel 3 \u00e9toiles restaurant \u00e0 Bonlieu dans le Jura\",\"url\":\"https:\\\/\\\/geneva-rootstocks.com\\\/de\\\/\",\"logo\":{\"@type\":\"ImageObject\",\"inLanguage\":\"de\",\"@id\":\"https:\\\/\\\/geneva-rootstocks.com\\\/de\\\/#\\\/schema\\\/logo\\\/image\\\/\",\"url\":\"\",\"contentUrl\":\"\",\"caption\":\"H\u00f4tel Les Alpages - SITE OFFICIEL - H\u00f4tel*** Restaurant dans le Jura (39) \u00e0 Bonlieu\"},\"image\":{\"@id\":\"https:\\\/\\\/geneva-rootstocks.com\\\/de\\\/#\\\/schema\\\/logo\\\/image\\\/\"},\"sameAs\":[\"https:\\\/\\\/www.facebook.com\\\/Htel-Les-Alpages-102579714817700\",\"https:\\\/\\\/instagram.com\\\/hotel_les_alpages\"]}]}<\/script>\n<!-- \/ Yoast SEO plugin. -->","yoast_head_json":{"title":"Startseite - Europa Fruit Tree Rootstocks","robots":{"index":"index","follow":"follow","max-snippet":"max-snippet:-1","max-image-preview":"max-image-preview:large","max-video-preview":"max-video-preview:-1"},"canonical":"https:\/\/geneva-rootstocks.com\/de\/startseite\/","og_locale":"de_DE","og_type":"article","og_title":"Startseite - Europa Fruit Tree Rootstocks","og_url":"https:\/\/geneva-rootstocks.com\/de\/startseite\/","og_site_name":"Europa Fruit Tree Rootstocks","article_publisher":"https:\/\/www.facebook.com\/Htel-Les-Alpages-102579714817700","article_modified_time":"2025-05-23T09:14:30+00:00","og_image":[{"width":2000,"height":788,"url":"https:\/\/geneva-rootstocks.com\/wp-content\/uploads\/2024\/10\/Slide-logo-EFTR.jpg","type":"image\/jpeg"}],"twitter_card":"summary_large_image","twitter_misc":{"Gesch\u00e4tzte Lesezeit":"2\u00a0Minuten"},"schema":{"@context":"https:\/\/schema.org","@graph":[{"@type":"WebPage","@id":"https:\/\/geneva-rootstocks.com\/de\/startseite\/","url":"https:\/\/geneva-rootstocks.com\/de\/startseite\/","name":"Startseite - Europa Fruit Tree Rootstocks","isPartOf":{"@id":"https:\/\/geneva-rootstocks.com\/de\/#website"},"datePublished":"2022-04-01T07:08:41+00:00","dateModified":"2025-05-23T09:14:30+00:00","breadcrumb":{"@id":"https:\/\/geneva-rootstocks.com\/de\/startseite\/#breadcrumb"},"inLanguage":"de","potentialAction":[{"@type":"ReadAction","target":["https:\/\/geneva-rootstocks.com\/de\/startseite\/"]}]},{"@type":"BreadcrumbList","@id":"https:\/\/geneva-rootstocks.com\/de\/startseite\/#breadcrumb","itemListElement":[{"@type":"ListItem","position":1,"name":"Accueil","item":"https:\/\/geneva-rootstocks.com\/de\/"},{"@type":"ListItem","position":2,"name":"Startseite"}]},{"@type":"WebSite","@id":"https:\/\/geneva-rootstocks.com\/de\/#website","url":"https:\/\/geneva-rootstocks.com\/de\/","name":"Europa Fruit Tree Rootstocks - \u00c9diteur europ\u00e9en des porte greffe Geneva\u00ae","description":"Europa Fruit Tree Rootstocks - \u00c9diteur europ\u00e9en des porte greffe Geneva\u00ae","publisher":{"@id":"https:\/\/geneva-rootstocks.com\/de\/#organization"},"alternateName":"EFTR - Europa Fruit Tree Rootstocks","potentialAction":[{"@type":"SearchAction","target":{"@type":"EntryPoint","urlTemplate":"https:\/\/geneva-rootstocks.com\/de\/?s={search_term_string}"},"query-input":{"@type":"PropertyValueSpecification","valueRequired":true,"valueName":"search_term_string"}}],"inLanguage":"de"},{"@type":"Organization","@id":"https:\/\/geneva-rootstocks.com\/de\/#organization","name":"H\u00f4tel Les Alpages - SITE OFFICIEL - H\u00f4tel*** Restaurant dans le Jura (39) \u00e0 Bonlieu","alternateName":"Les Alpages, H\u00f4tel 3 \u00e9toiles restaurant \u00e0 Bonlieu dans le Jura","url":"https:\/\/geneva-rootstocks.com\/de\/","logo":{"@type":"ImageObject","inLanguage":"de","@id":"https:\/\/geneva-rootstocks.com\/de\/#\/schema\/logo\/image\/","url":"","contentUrl":"","caption":"H\u00f4tel Les Alpages - SITE OFFICIEL - H\u00f4tel*** Restaurant dans le Jura (39) \u00e0 Bonlieu"},"image":{"@id":"https:\/\/geneva-rootstocks.com\/de\/#\/schema\/logo\/image\/"},"sameAs":["https:\/\/www.facebook.com\/Htel-Les-Alpages-102579714817700","https:\/\/instagram.com\/hotel_les_alpages"]}]}},"_links":{"self":[{"href":"https:\/\/geneva-rootstocks.com\/de\/wp-json\/wp\/v2\/pages\/3653","targetHints":{"allow":["GET"]}}],"collection":[{"href":"https:\/\/geneva-rootstocks.com\/de\/wp-json\/wp\/v2\/pages"}],"about":[{"href":"https:\/\/geneva-rootstocks.com\/de\/wp-json\/wp\/v2\/types\/page"}],"author":[{"embeddable":true,"href":"https:\/\/geneva-rootstocks.com\/de\/wp-json\/wp\/v2\/users\/1"}],"replies":[{"embeddable":true,"href":"https:\/\/geneva-rootstocks.com\/de\/wp-json\/wp\/v2\/comments?post=3653"}],"version-history":[{"count":0,"href":"https:\/\/geneva-rootstocks.com\/de\/wp-json\/wp\/v2\/pages\/3653\/revisions"}],"wp:attachment":[{"href":"https:\/\/geneva-rootstocks.com\/de\/wp-json\/wp\/v2\/media?parent=3653"}],"curies":[{"name":"wp","href":"https:\/\/api.w.org\/{rel}","templated":true}]}}